{"id":20463,"date":"2015-07-06T12:14:00","date_gmt":"2015-07-06T10:14:00","guid":{"rendered":"http:\/\/isostamp.com\/dps\/"},"modified":"2019-07-05T15:52:34","modified_gmt":"2019-07-05T15:52:34","slug":"dps","status":"publish","type":"page","link":"https:\/\/isostamp.com\/de\/produkte-und-anwendungen\/dps\/","title":{"rendered":"DPS"},"content":{"rendered":"<section class=\"wpb-content-wrapper\"><p>[vc_row css_animation=&#8220;&#8220; row_type=&#8220;row&#8220; use_row_as_full_screen_section=&#8220;no&#8220; type=&#8220;full_width&#8220; angled_section=&#8220;no&#8220; text_align=&#8220;left&#8220; background_image_as_pattern=&#8220;without_pattern&#8220;][vc_column][vc_column_text]<\/p>\n<h1 style=\"text-align: center;\">Dps<\/h1>\n<p>[\/vc_column_text][vc_separator type=&#8220;small&#8220; position=&#8220;center&#8220; color=&#8220;#ee7d00&#8243; thickness=&#8220;4&#8243; width=&#8220;48&#8243; up=&#8220;20&#8243; down=&#8220;30&#8243;][\/vc_column][\/vc_row][vc_row css_animation=&#8220;&#8220; row_type=&#8220;row&#8220; use_row_as_full_screen_section=&#8220;no&#8220; type=&#8220;full_width&#8220; angled_section=&#8220;no&#8220; text_align=&#8220;left&#8220; background_image_as_pattern=&#8220;without_pattern&#8220;][vc_column width=&#8220;2\/3&#8243;][vc_gallery type=&#8220;flexslider_slide&#8220; interval=&#8220;0&#8243; images=&#8220;19310,19318,19314,19306&#8243; img_size=&#8220;full&#8220;][\/vc_column][vc_column width=&#8220;1\/3&#8243;][vc_column_text]<\/p>\n<h2><span class=\"highlight\" style=\"color: #222222; background-color: transparent;\">DPS<\/span><\/h2>\n<p>[\/vc_column_text][vc_empty_space height=&#8220;30px&#8220;][vc_column_text]DPS ist ein innovatives W\u00e4rmed\u00e4mmprodukt, hergestellt in einem Formverfahren mit geringer W\u00e4rmeleitf\u00e4higkeit wodurch es sich am besten eignet f\u00fcr Kessel, Thermobl\u00f6cke oder andere W\u00e4rmequellen.<br \/>\nWenige Millimeter DPS sind ausreichend, um eine ausgezeichnete W\u00e4rmeisolation zu gew\u00e4hren.<\/p>\n<p>METALL KLAMMERN: wenn die DPS Abdeckung zweiteilig sein muss, k\u00f6nnen Metallklammern verwendet werden, um sie zusammenzuhalten, was auch die Demontage erleichtert falls notwendig.<br \/>\n[\/vc_column_text][vc_empty_space height=&#8220;30px&#8220;]<a  itemprop=\"url\" href=\"mailto:info@isostamp.com\" target=\"_self\"  class=\"qbutton  medium center default\" style=\"\">TECHNISCHE UNTERLAGEN ANFORDERN<\/a>[\/vc_column][\/vc_row][vc_row css_animation=&#8220;&#8220; row_type=&#8220;row&#8220; use_row_as_full_screen_section=&#8220;no&#8220; type=&#8220;full_width&#8220; angled_section=&#8220;no&#8220; text_align=&#8220;left&#8220; background_image_as_pattern=&#8220;without_pattern&#8220;][vc_column][vc_empty_space height=&#8220;30px&#8220;][vc_column_text]\n<table id=\"tablepress-16\" class=\"tablepress tablepress-id-16\">\n<thead>\n<tr class=\"row-1\">\n\t<th class=\"column-1\"><\/th><th class=\"column-2\">MATERIAL<\/th><th class=\"column-3\">BETRIEBSTEMPERATURE<\/th><th class=\"column-4\">MAXIME BETRIEBSTEMPERATURE<\/th><th class=\"column-5\">W\/m*k<\/th><th class=\"column-6\">ENTFLAMBARKEIT<\/th><th class=\"column-7\">EINSATZGEBIETE<\/th>\n<\/tr>\n<\/thead>\n<tbody>\n<tr class=\"row-2\">\n\t<td class=\"column-1\"><img src=\"http:\/\/isostamp.com\/wp-content\/uploads\/2015\/07\/DPS-dati-tecnici-150.png\" alt=\"DPS-dati-tecnici\" width=\"150\" height=\"31\" class=\"alignleft size-full wp-image-16651\" \/><\/td><td class=\"column-2\">R<\/td><td class=\"column-3\">200 C\u00b0<\/td><td class=\"column-4\">250 C\u00b0<\/td><td class=\"column-5\">0.0432<\/td><td class=\"column-6\">V-0<\/td><td class=\"column-7\">T<\/td>\n<\/tr>\n<\/tbody>\n<\/table>\n<!-- #tablepress-16 from cache -->[\/vc_column_text][\/vc_column][\/vc_row][vc_row css_animation=&#8220;&#8220; row_type=&#8220;row&#8220; use_row_as_full_screen_section=&#8220;no&#8220; type=&#8220;full_width&#8220; angled_section=&#8220;no&#8220; text_align=&#8220;center&#8220; background_image_as_pattern=&#8220;without_pattern&#8220; z_index=&#8220;&#8220;][vc_column][vc_empty_space height=&#8220;50px&#8220;]<a  itemprop=\"url\" href=\"\/de\/produkte-und-anwendungen\/\" target=\"_self\"  class=\"qbutton  center default\" style=\"\">ALLE PRODUKTE<\/a>[vc_empty_space height=&#8220;80px&#8220;][\/vc_column][\/vc_row]<\/p>\n<\/section>","protected":false},"excerpt":{"rendered":"<p>[vc_row css_animation=&#8220;&#8220; row_type=&#8220;row&#8220; use_row_as_full_screen_section=&#8220;no&#8220; type=&#8220;full_width&#8220; angled_section=&#8220;no&#8220; text_align=&#8220;left&#8220; background_image_as_pattern=&#8220;without_pattern&#8220;][vc_column][vc_column_text] Dps [\/vc_column_text][vc_separator type=&#8220;small&#8220; position=&#8220;center&#8220; color=&#8220;#ee7d00&#8243; thickness=&#8220;4&#8243; width=&#8220;48&#8243; up=&#8220;20&#8243; down=&#8220;30&#8243;][\/vc_column][\/vc_row][vc_row css_animation=&#8220;&#8220; row_type=&#8220;row&#8220; use_row_as_full_screen_section=&#8220;no&#8220; type=&#8220;full_width&#8220; angled_section=&#8220;no&#8220; text_align=&#8220;left&#8220; background_image_as_pattern=&#8220;without_pattern&#8220;][vc_column width=&#8220;2\/3&#8243;][vc_gallery type=&#8220;flexslider_slide&#8220; interval=&#8220;0&#8243; images=&#8220;19310,19318,19314,19306&#8243; img_size=&#8220;full&#8220;][\/vc_column][vc_column width=&#8220;1\/3&#8243;][vc_column_text] DPS [\/vc_column_text][vc_empty_space height=&#8220;30px&#8220;][vc_column_text]DPS ist ein innovatives W\u00e4rmed\u00e4mmprodukt, hergestellt in einem Formverfahren mit geringer W\u00e4rmeleitf\u00e4higkeit wodurch&#8230;<\/p>\n","protected":false},"author":2,"featured_media":19312,"parent":20485,"menu_order":0,"comment_status":"closed","ping_status":"closed","template":"","meta":[],"acf":[],"yoast_head":"<!-- This site is optimized with the Yoast SEO plugin v20.10 - https:\/\/yoast.com\/wordpress\/plugins\/seo\/ -->\n<title>Dps - isolante termico Isostamp<\/title>\n<meta name=\"description\" content=\"Il DPS \u00e8 un isolante termico innovativo che permette la massima \u201cvestibilit\u00e0\u201d della fonte di calore, sia essa boiler, termoblocco, resistenza.\" \/>\n<meta name=\"robots\" content=\"index, follow, max-snippet:-1, max-image-preview:large, max-video-preview:-1\" \/>\n<link rel=\"canonical\" href=\"https:\/\/isostamp.com\/en\/products-applications\/dps\/\" \/>\n<meta property=\"og:locale\" content=\"de_DE\" \/>\n<meta property=\"og:type\" content=\"article\" \/>\n<meta property=\"og:title\" content=\"Dps - isolante termico Isostamp\" \/>\n<meta property=\"og:description\" content=\"Il DPS \u00e8 un isolante termico innovativo che permette la massima \u201cvestibilit\u00e0\u201d della fonte di calore, sia essa boiler, termoblocco, resistenza.\" \/>\n<meta property=\"og:url\" content=\"https:\/\/isostamp.com\/en\/products-applications\/dps\/\" \/>\n<meta property=\"og:site_name\" content=\"Isostamp\" \/>\n<meta property=\"article:modified_time\" content=\"2019-07-05T15:52:34+00:00\" \/>\n<meta property=\"og:image\" content=\"https:\/\/isostamp.com\/wp-content\/uploads\/2019\/01\/dps-01.jpg\" \/>\n\t<meta property=\"og:image:width\" content=\"906\" \/>\n\t<meta property=\"og:image:height\" content=\"664\" \/>\n\t<meta property=\"og:image:type\" content=\"image\/jpeg\" \/>\n<meta name=\"twitter:card\" content=\"summary_large_image\" \/>\n<meta name=\"twitter:label1\" content=\"Gesch\u00e4tzte Lesezeit\" \/>\n\t<meta name=\"twitter:data1\" content=\"2\u00a0Minuten\" \/>\n<script type=\"application\/ld+json\" class=\"yoast-schema-graph\">{\"@context\":\"https:\/\/schema.org\",\"@graph\":[{\"@type\":\"WebPage\",\"@id\":\"https:\/\/isostamp.com\/en\/products-applications\/dps\/\",\"url\":\"https:\/\/isostamp.com\/en\/products-applications\/dps\/\",\"name\":\"Dps - isolante termico Isostamp\",\"isPartOf\":{\"@id\":\"https:\/\/isostamp.com\/en\/#website\"},\"datePublished\":\"2015-07-06T10:14:00+00:00\",\"dateModified\":\"2019-07-05T15:52:34+00:00\",\"description\":\"Il DPS \u00e8 un isolante termico innovativo che permette la massima \u201cvestibilit\u00e0\u201d della fonte di calore, sia essa boiler, termoblocco, resistenza.\",\"breadcrumb\":{\"@id\":\"https:\/\/isostamp.com\/en\/products-applications\/dps\/#breadcrumb\"},\"inLanguage\":\"de\",\"potentialAction\":[{\"@type\":\"ReadAction\",\"target\":[\"https:\/\/isostamp.com\/en\/products-applications\/dps\/\"]}]},{\"@type\":\"BreadcrumbList\",\"@id\":\"https:\/\/isostamp.com\/en\/products-applications\/dps\/#breadcrumb\",\"itemListElement\":[{\"@type\":\"ListItem\",\"position\":1,\"name\":\"Home\",\"item\":\"https:\/\/isostamp.com\/de\/\"},{\"@type\":\"ListItem\",\"position\":2,\"name\":\"Produkte und Anwendungen\",\"item\":\"https:\/\/isostamp.com\/de\/produkte-und-anwendungen\/\"},{\"@type\":\"ListItem\",\"position\":3,\"name\":\"DPS\"}]},{\"@type\":\"WebSite\",\"@id\":\"https:\/\/isostamp.com\/en\/#website\",\"url\":\"https:\/\/isostamp.com\/en\/\",\"name\":\"Isostamp\",\"description\":\"\",\"potentialAction\":[{\"@type\":\"SearchAction\",\"target\":{\"@type\":\"EntryPoint\",\"urlTemplate\":\"https:\/\/isostamp.com\/en\/?s={search_term_string}\"},\"query-input\":\"required name=search_term_string\"}],\"inLanguage\":\"de\"}]}<\/script>\n<!-- \/ Yoast SEO plugin. -->","yoast_head_json":{"title":"Dps - isolante termico Isostamp","description":"Il DPS \u00e8 un isolante termico innovativo che permette la massima \u201cvestibilit\u00e0\u201d della fonte di calore, sia essa boiler, termoblocco, resistenza.","robots":{"index":"index","follow":"follow","max-snippet":"max-snippet:-1","max-image-preview":"max-image-preview:large","max-video-preview":"max-video-preview:-1"},"canonical":"https:\/\/isostamp.com\/en\/products-applications\/dps\/","og_locale":"de_DE","og_type":"article","og_title":"Dps - isolante termico Isostamp","og_description":"Il DPS \u00e8 un isolante termico innovativo che permette la massima \u201cvestibilit\u00e0\u201d della fonte di calore, sia essa boiler, termoblocco, resistenza.","og_url":"https:\/\/isostamp.com\/en\/products-applications\/dps\/","og_site_name":"Isostamp","article_modified_time":"2019-07-05T15:52:34+00:00","og_image":[{"width":906,"height":664,"url":"https:\/\/isostamp.com\/wp-content\/uploads\/2019\/01\/dps-01.jpg","type":"image\/jpeg"}],"twitter_card":"summary_large_image","twitter_misc":{"Gesch\u00e4tzte Lesezeit":"2\u00a0Minuten"},"schema":{"@context":"https:\/\/schema.org","@graph":[{"@type":"WebPage","@id":"https:\/\/isostamp.com\/en\/products-applications\/dps\/","url":"https:\/\/isostamp.com\/en\/products-applications\/dps\/","name":"Dps - isolante termico Isostamp","isPartOf":{"@id":"https:\/\/isostamp.com\/en\/#website"},"datePublished":"2015-07-06T10:14:00+00:00","dateModified":"2019-07-05T15:52:34+00:00","description":"Il DPS \u00e8 un isolante termico innovativo che permette la massima \u201cvestibilit\u00e0\u201d della fonte di calore, sia essa boiler, termoblocco, resistenza.","breadcrumb":{"@id":"https:\/\/isostamp.com\/en\/products-applications\/dps\/#breadcrumb"},"inLanguage":"de","potentialAction":[{"@type":"ReadAction","target":["https:\/\/isostamp.com\/en\/products-applications\/dps\/"]}]},{"@type":"BreadcrumbList","@id":"https:\/\/isostamp.com\/en\/products-applications\/dps\/#breadcrumb","itemListElement":[{"@type":"ListItem","position":1,"name":"Home","item":"https:\/\/isostamp.com\/de\/"},{"@type":"ListItem","position":2,"name":"Produkte und Anwendungen","item":"https:\/\/isostamp.com\/de\/produkte-und-anwendungen\/"},{"@type":"ListItem","position":3,"name":"DPS"}]},{"@type":"WebSite","@id":"https:\/\/isostamp.com\/en\/#website","url":"https:\/\/isostamp.com\/en\/","name":"Isostamp","description":"","potentialAction":[{"@type":"SearchAction","target":{"@type":"EntryPoint","urlTemplate":"https:\/\/isostamp.com\/en\/?s={search_term_string}"},"query-input":"required name=search_term_string"}],"inLanguage":"de"}]}},"_links":{"self":[{"href":"https:\/\/isostamp.com\/de\/wp-json\/wp\/v2\/pages\/20463"}],"collection":[{"href":"https:\/\/isostamp.com\/de\/wp-json\/wp\/v2\/pages"}],"about":[{"href":"https:\/\/isostamp.com\/de\/wp-json\/wp\/v2\/types\/page"}],"author":[{"embeddable":true,"href":"https:\/\/isostamp.com\/de\/wp-json\/wp\/v2\/users\/2"}],"replies":[{"embeddable":true,"href":"https:\/\/isostamp.com\/de\/wp-json\/wp\/v2\/comments?post=20463"}],"version-history":[{"count":0,"href":"https:\/\/isostamp.com\/de\/wp-json\/wp\/v2\/pages\/20463\/revisions"}],"up":[{"embeddable":true,"href":"https:\/\/isostamp.com\/de\/wp-json\/wp\/v2\/pages\/20485"}],"wp:featuredmedia":[{"embeddable":true,"href":"https:\/\/isostamp.com\/de\/wp-json\/wp\/v2\/media\/19312"}],"wp:attachment":[{"href":"https:\/\/isostamp.com\/de\/wp-json\/wp\/v2\/media?parent=20463"}],"curies":[{"name":"wp","href":"https:\/\/api.w.org\/{rel}","templated":true}]}}