{"id":20467,"date":"2015-07-06T12:13:02","date_gmt":"2015-07-06T10:13:02","guid":{"rendered":"http:\/\/isostamp.com\/hdp\/"},"modified":"2019-07-05T16:15:21","modified_gmt":"2019-07-05T16:15:21","slug":"hdp","status":"publish","type":"page","link":"https:\/\/isostamp.com\/de\/produkte-und-anwendungen\/hdp\/","title":{"rendered":"HDP"},"content":{"rendered":"<section class=\"wpb-content-wrapper\"><p>[vc_row css_animation=&#8220;&#8220; row_type=&#8220;row&#8220; use_row_as_full_screen_section=&#8220;no&#8220; type=&#8220;full_width&#8220; angled_section=&#8220;no&#8220; text_align=&#8220;left&#8220; background_image_as_pattern=&#8220;without_pattern&#8220;][vc_column][vc_column_text]<\/p>\n<h1 style=\"text-align: center;\">Hdp<\/h1>\n<p>[\/vc_column_text][vc_separator type=&#8220;small&#8220; position=&#8220;center&#8220; color=&#8220;#ee7d00&#8243; thickness=&#8220;4&#8243; width=&#8220;48&#8243; up=&#8220;20&#8243; down=&#8220;30&#8243;][\/vc_column][\/vc_row][vc_row css_animation=&#8220;&#8220; row_type=&#8220;row&#8220; use_row_as_full_screen_section=&#8220;no&#8220; type=&#8220;full_width&#8220; angled_section=&#8220;no&#8220; text_align=&#8220;left&#8220; background_image_as_pattern=&#8220;without_pattern&#8220;][vc_column width=&#8220;2\/3&#8243;][vc_gallery type=&#8220;flexslider_slide&#8220; interval=&#8220;0&#8243; images=&#8220;19683,19687,19691,19695&#8243; img_size=&#8220;full&#8220;][\/vc_column][vc_column width=&#8220;1\/3&#8243;][vc_column_text]<\/p>\n<h2><span class=\"highlight\" style=\"color: #222222; background-color: transparent;\">HDP<\/span><\/h2>\n<p>[\/vc_column_text][vc_empty_space height=&#8220;30px&#8220;][vc_column_text]Lesen Sie \u00fcber die 3 Dimensionen von HDP<br \/>\nMeist wird angenommen, dass Isolationsmaterial zur Absenkung der Temperatur genutzt wird. Neben diesem Einsatzgebiet kann HDP jedoch auch zum Schutz anderer Bauteile oder Bereiche verwendet werden. Am wichtigsten jedoch ist sein Einsatz als \u201eKOSTEN-KILLER\u201c: Allein die Eliminierung einiger Schrauben oder Halter kann zu hohen Kosteneinsparungen f\u00fchren. Ganz abgesehen von den sich bietenden M\u00f6glichkeiten f\u00fcr den Einsatz von Material und elektronischen Komponenten mit geringeren Anforderungen an die Temperaturbest\u00e4ndigkeit.<br \/>\nHDP (Heat Defiant -Produkt) ist eine hervorragendes Isolationsmaterial aufgrund seiner niedrigen W\u00e4rmeleitf\u00e4higkeit. Wenige Millimeter HDP sind ausreichend f\u00fcr eine ausgezeichnete W\u00e4rmeisolierung in vielen Applikationen. Wie allgemein bekannt reduzieren D\u00e4mmstoffe die W\u00e4rmeverluste und f\u00fchren zu Energieeinsparungen . Eine der besten Eigenschaften der HDP ist, dass es in nahezu jede beliebige Form gebracht werden kann: Dies ist einer der Gr\u00fcnde, f\u00fcr die hohe Akzeptanz des Materials bei den Mitarbeitern in Forschung und Entwicklung. Es ist ein Material, das viele Bedarfe erf\u00fcllt. Wir empfehlen HDP auch als designfreundliches Material weil es die Phantasie der Kreativen befl\u00fcgelt und von Sorgen \u00fcber technischen Einschr\u00e4nkungen befreit.<br \/>\nMETALL KLAMMERN: wenn die HDP Abdeckung zweiteilig sein muss, k\u00f6nnen Metallklammern verwendet werden, um sie zusammenzuhalten, was auch die Demontage erleichtert falls notwendig.[\/vc_column_text][vc_empty_space]<a  itemprop=\"url\" href=\"mailto:info@isostamp.com\" target=\"_self\"  class=\"qbutton  default\" style=\"\">TECHNISCHE UNTERLAGEN ANFORDERN<\/a>[\/vc_column][\/vc_row][vc_row css_animation=&#8220;&#8220; row_type=&#8220;row&#8220; use_row_as_full_screen_section=&#8220;no&#8220; type=&#8220;full_width&#8220; angled_section=&#8220;no&#8220; text_align=&#8220;left&#8220; background_image_as_pattern=&#8220;without_pattern&#8220;][vc_column][vc_empty_space height=&#8220;30px&#8220;][vc_column_text]\n<table id=\"tablepress-12\" class=\"tablepress tablepress-id-12\">\n<thead>\n<tr class=\"row-1\">\n\t<th class=\"column-1\"><\/th><th class=\"column-2\">MATERIAL<\/th><th class=\"column-3\">BETRIEBSTEMPERATURE<\/th><th class=\"column-4\">MAXIME BETRIEBSTEMPERATURE<\/th><th class=\"column-5\">W\/m*k<\/th><th class=\"column-6\">ENTFLAMBARKEIT<\/th><th class=\"column-7\">EINSATZGEBIETE<\/th>\n<\/tr>\n<\/thead>\n<tbody>\n<tr class=\"row-2\">\n\t<td class=\"column-1\"><a href=\"\/wp-content\/uploads\/2019\/06\/UL-HDP.pdf\" target=\"_blank;\"><img src=\"http:\/\/isostamp.com\/wp-content\/uploads\/2015\/07\/HDP-dati-tecnici-150.jpg\" alt=\"HDP-dati-tecnici\" width=\"150\" height=\"31\" class=\"alignleft size-full wp-image-16651\" \/><\/a><\/td><td class=\"column-2\">R<\/td><td class=\"column-3\">220 C\u00b0<\/td><td class=\"column-4\">280 C\u00b0<\/td><td class=\"column-5\">0.0418<\/td><td class=\"column-6\">V-0<\/td><td class=\"column-7\">T<\/td>\n<\/tr>\n<\/tbody>\n<\/table>\n<!-- #tablepress-12 from cache -->[\/vc_column_text][\/vc_column][\/vc_row][vc_row css_animation=&#8220;&#8220; row_type=&#8220;row&#8220; use_row_as_full_screen_section=&#8220;no&#8220; type=&#8220;full_width&#8220; angled_section=&#8220;no&#8220; text_align=&#8220;center&#8220; background_image_as_pattern=&#8220;without_pattern&#8220; z_index=&#8220;&#8220;][vc_column][vc_empty_space height=&#8220;50px&#8220;]<a  itemprop=\"url\" href=\"\/de\/produkte-und-anwendungen\/\" target=\"_self\"  class=\"qbutton  center default\" style=\"\">ALLE PRODUKTE<\/a>[vc_empty_space height=&#8220;80px&#8220;][\/vc_column][\/vc_row]<\/p>\n<\/section>","protected":false},"excerpt":{"rendered":"<p>[vc_row css_animation=&#8220;&#8220; row_type=&#8220;row&#8220; use_row_as_full_screen_section=&#8220;no&#8220; type=&#8220;full_width&#8220; angled_section=&#8220;no&#8220; text_align=&#8220;left&#8220; background_image_as_pattern=&#8220;without_pattern&#8220;][vc_column][vc_column_text] Hdp [\/vc_column_text][vc_separator type=&#8220;small&#8220; position=&#8220;center&#8220; color=&#8220;#ee7d00&#8243; thickness=&#8220;4&#8243; width=&#8220;48&#8243; up=&#8220;20&#8243; down=&#8220;30&#8243;][\/vc_column][\/vc_row][vc_row css_animation=&#8220;&#8220; row_type=&#8220;row&#8220; use_row_as_full_screen_section=&#8220;no&#8220; type=&#8220;full_width&#8220; angled_section=&#8220;no&#8220; text_align=&#8220;left&#8220; background_image_as_pattern=&#8220;without_pattern&#8220;][vc_column width=&#8220;2\/3&#8243;][vc_gallery type=&#8220;flexslider_slide&#8220; interval=&#8220;0&#8243; images=&#8220;19683,19687,19691,19695&#8243; img_size=&#8220;full&#8220;][\/vc_column][vc_column width=&#8220;1\/3&#8243;][vc_column_text] HDP [\/vc_column_text][vc_empty_space height=&#8220;30px&#8220;][vc_column_text]Lesen Sie \u00fcber die 3 Dimensionen von HDP Meist wird angenommen, dass Isolationsmaterial&#8230;<\/p>\n","protected":false},"author":2,"featured_media":19685,"parent":20485,"menu_order":0,"comment_status":"closed","ping_status":"closed","template":"","meta":[],"acf":[],"yoast_head":"<!-- This site is optimized with the Yoast SEO plugin v20.10 - https:\/\/yoast.com\/wordpress\/plugins\/seo\/ -->\n<title>HDP - materiale isolante Isostamp<\/title>\n<meta name=\"description\" content=\"L&#039;HDP pu\u00f2 essere modellato in quasi tutte le forme desiderate, e per questo particolarmente apprezzato e ricercato dai tecnici dell\u2019R&amp;D dei nostri clienti.\" \/>\n<meta name=\"robots\" content=\"index, follow, max-snippet:-1, max-image-preview:large, max-video-preview:-1\" \/>\n<link rel=\"canonical\" href=\"https:\/\/isostamp.com\/en\/products-applications\/hdp\/\" \/>\n<meta property=\"og:locale\" content=\"de_DE\" \/>\n<meta property=\"og:type\" content=\"article\" \/>\n<meta property=\"og:title\" content=\"HDP - materiale isolante Isostamp\" \/>\n<meta property=\"og:description\" content=\"L&#039;HDP pu\u00f2 essere modellato in quasi tutte le forme desiderate, e per questo particolarmente apprezzato e ricercato dai tecnici dell\u2019R&amp;D dei nostri clienti.\" \/>\n<meta property=\"og:url\" content=\"https:\/\/isostamp.com\/en\/products-applications\/hdp\/\" \/>\n<meta property=\"og:site_name\" content=\"Isostamp\" \/>\n<meta property=\"article:modified_time\" content=\"2019-07-05T16:15:21+00:00\" \/>\n<meta property=\"og:image\" content=\"https:\/\/isostamp.com\/wp-content\/uploads\/2019\/01\/hdp-01-1.jpg\" \/>\n\t<meta property=\"og:image:width\" content=\"906\" \/>\n\t<meta property=\"og:image:height\" content=\"664\" \/>\n\t<meta property=\"og:image:type\" content=\"image\/jpeg\" \/>\n<meta name=\"twitter:card\" content=\"summary_large_image\" \/>\n<meta name=\"twitter:label1\" content=\"Gesch\u00e4tzte Lesezeit\" \/>\n\t<meta name=\"twitter:data1\" content=\"2\u00a0Minuten\" \/>\n<script type=\"application\/ld+json\" class=\"yoast-schema-graph\">{\"@context\":\"https:\/\/schema.org\",\"@graph\":[{\"@type\":\"WebPage\",\"@id\":\"https:\/\/isostamp.com\/en\/products-applications\/hdp\/\",\"url\":\"https:\/\/isostamp.com\/en\/products-applications\/hdp\/\",\"name\":\"HDP - materiale isolante Isostamp\",\"isPartOf\":{\"@id\":\"https:\/\/isostamp.com\/en\/#website\"},\"datePublished\":\"2015-07-06T10:13:02+00:00\",\"dateModified\":\"2019-07-05T16:15:21+00:00\",\"description\":\"L'HDP pu\u00f2 essere modellato in quasi tutte le forme desiderate, e per questo particolarmente apprezzato e ricercato dai tecnici dell\u2019R&D dei nostri clienti.\",\"breadcrumb\":{\"@id\":\"https:\/\/isostamp.com\/en\/products-applications\/hdp\/#breadcrumb\"},\"inLanguage\":\"de\",\"potentialAction\":[{\"@type\":\"ReadAction\",\"target\":[\"https:\/\/isostamp.com\/en\/products-applications\/hdp\/\"]}]},{\"@type\":\"BreadcrumbList\",\"@id\":\"https:\/\/isostamp.com\/en\/products-applications\/hdp\/#breadcrumb\",\"itemListElement\":[{\"@type\":\"ListItem\",\"position\":1,\"name\":\"Home\",\"item\":\"https:\/\/isostamp.com\/de\/\"},{\"@type\":\"ListItem\",\"position\":2,\"name\":\"Produkte und Anwendungen\",\"item\":\"https:\/\/isostamp.com\/de\/produkte-und-anwendungen\/\"},{\"@type\":\"ListItem\",\"position\":3,\"name\":\"HDP\"}]},{\"@type\":\"WebSite\",\"@id\":\"https:\/\/isostamp.com\/en\/#website\",\"url\":\"https:\/\/isostamp.com\/en\/\",\"name\":\"Isostamp\",\"description\":\"\",\"potentialAction\":[{\"@type\":\"SearchAction\",\"target\":{\"@type\":\"EntryPoint\",\"urlTemplate\":\"https:\/\/isostamp.com\/en\/?s={search_term_string}\"},\"query-input\":\"required name=search_term_string\"}],\"inLanguage\":\"de\"}]}<\/script>\n<!-- \/ Yoast SEO plugin. -->","yoast_head_json":{"title":"HDP - materiale isolante Isostamp","description":"L'HDP pu\u00f2 essere modellato in quasi tutte le forme desiderate, e per questo particolarmente apprezzato e ricercato dai tecnici dell\u2019R&D dei nostri clienti.","robots":{"index":"index","follow":"follow","max-snippet":"max-snippet:-1","max-image-preview":"max-image-preview:large","max-video-preview":"max-video-preview:-1"},"canonical":"https:\/\/isostamp.com\/en\/products-applications\/hdp\/","og_locale":"de_DE","og_type":"article","og_title":"HDP - materiale isolante Isostamp","og_description":"L'HDP pu\u00f2 essere modellato in quasi tutte le forme desiderate, e per questo particolarmente apprezzato e ricercato dai tecnici dell\u2019R&D dei nostri clienti.","og_url":"https:\/\/isostamp.com\/en\/products-applications\/hdp\/","og_site_name":"Isostamp","article_modified_time":"2019-07-05T16:15:21+00:00","og_image":[{"width":906,"height":664,"url":"https:\/\/isostamp.com\/wp-content\/uploads\/2019\/01\/hdp-01-1.jpg","type":"image\/jpeg"}],"twitter_card":"summary_large_image","twitter_misc":{"Gesch\u00e4tzte Lesezeit":"2\u00a0Minuten"},"schema":{"@context":"https:\/\/schema.org","@graph":[{"@type":"WebPage","@id":"https:\/\/isostamp.com\/en\/products-applications\/hdp\/","url":"https:\/\/isostamp.com\/en\/products-applications\/hdp\/","name":"HDP - materiale isolante Isostamp","isPartOf":{"@id":"https:\/\/isostamp.com\/en\/#website"},"datePublished":"2015-07-06T10:13:02+00:00","dateModified":"2019-07-05T16:15:21+00:00","description":"L'HDP pu\u00f2 essere modellato in quasi tutte le forme desiderate, e per questo particolarmente apprezzato e ricercato dai tecnici dell\u2019R&D dei nostri clienti.","breadcrumb":{"@id":"https:\/\/isostamp.com\/en\/products-applications\/hdp\/#breadcrumb"},"inLanguage":"de","potentialAction":[{"@type":"ReadAction","target":["https:\/\/isostamp.com\/en\/products-applications\/hdp\/"]}]},{"@type":"BreadcrumbList","@id":"https:\/\/isostamp.com\/en\/products-applications\/hdp\/#breadcrumb","itemListElement":[{"@type":"ListItem","position":1,"name":"Home","item":"https:\/\/isostamp.com\/de\/"},{"@type":"ListItem","position":2,"name":"Produkte und Anwendungen","item":"https:\/\/isostamp.com\/de\/produkte-und-anwendungen\/"},{"@type":"ListItem","position":3,"name":"HDP"}]},{"@type":"WebSite","@id":"https:\/\/isostamp.com\/en\/#website","url":"https:\/\/isostamp.com\/en\/","name":"Isostamp","description":"","potentialAction":[{"@type":"SearchAction","target":{"@type":"EntryPoint","urlTemplate":"https:\/\/isostamp.com\/en\/?s={search_term_string}"},"query-input":"required name=search_term_string"}],"inLanguage":"de"}]}},"_links":{"self":[{"href":"https:\/\/isostamp.com\/de\/wp-json\/wp\/v2\/pages\/20467"}],"collection":[{"href":"https:\/\/isostamp.com\/de\/wp-json\/wp\/v2\/pages"}],"about":[{"href":"https:\/\/isostamp.com\/de\/wp-json\/wp\/v2\/types\/page"}],"author":[{"embeddable":true,"href":"https:\/\/isostamp.com\/de\/wp-json\/wp\/v2\/users\/2"}],"replies":[{"embeddable":true,"href":"https:\/\/isostamp.com\/de\/wp-json\/wp\/v2\/comments?post=20467"}],"version-history":[{"count":0,"href":"https:\/\/isostamp.com\/de\/wp-json\/wp\/v2\/pages\/20467\/revisions"}],"up":[{"embeddable":true,"href":"https:\/\/isostamp.com\/de\/wp-json\/wp\/v2\/pages\/20485"}],"wp:featuredmedia":[{"embeddable":true,"href":"https:\/\/isostamp.com\/de\/wp-json\/wp\/v2\/media\/19685"}],"wp:attachment":[{"href":"https:\/\/isostamp.com\/de\/wp-json\/wp\/v2\/media?parent=20467"}],"curies":[{"name":"wp","href":"https:\/\/api.w.org\/{rel}","templated":true}]}}