{"id":20422,"date":"2015-07-06T12:15:23","date_gmt":"2015-07-06T12:15:23","guid":{"rendered":"http:\/\/isostamp.com\/prodotti-applicazioni\/pro-seal-e\/"},"modified":"2019-07-04T17:59:17","modified_gmt":"2019-07-04T17:59:17","slug":"pro-seal-e","status":"publish","type":"page","link":"https:\/\/isostamp.com\/es\/productos-y-aplicaciones\/pro-seal-e\/","title":{"rendered":"PRO.SEAL.E"},"content":{"rendered":"<section class=\"wpb-content-wrapper\"><p>[vc_row css_animation=\u00bb\u00bb row_type=\u00bbrow\u00bb use_row_as_full_screen_section=\u00bbno\u00bb type=\u00bbfull_width\u00bb angled_section=\u00bbno\u00bb text_align=\u00bbleft\u00bb background_image_as_pattern=\u00bbwithout_pattern\u00bb][vc_column][vc_column_text]<\/p>\n<h1 style=\"text-align: center;\">Pro.Seal.E<\/h1>\n<p>[\/vc_column_text][vc_separator type=\u00bbsmall\u00bb position=\u00bbcenter\u00bb color=\u00bb#ee7d00&#8243; thickness=\u00bb4&#8243; width=\u00bb48&#8243; up=\u00bb20&#8243; down=\u00bb30&#8243;][\/vc_column][\/vc_row][vc_row css_animation=\u00bb\u00bb row_type=\u00bbrow\u00bb use_row_as_full_screen_section=\u00bbno\u00bb type=\u00bbfull_width\u00bb angled_section=\u00bbno\u00bb text_align=\u00bbleft\u00bb background_image_as_pattern=\u00bbwithout_pattern\u00bb][vc_column width=\u00bb2\/3&#8243;][vc_gallery type=\u00bbflexslider_slide\u00bb interval=\u00bb0&#8243; images=\u00bb19599,19603,19607,19611&#8243; img_size=\u00bbfull\u00bb][\/vc_column][vc_column width=\u00bb1\/3&#8243;][vc_column_text]<\/p>\n<h2><span class=\"highlight\" style=\"color: #222222; background-color: transparent;\">PRO.SEAL.E<\/span><\/h2>\n<p>[\/vc_column_text][vc_empty_space height=\u00bb30px\u00bb][vc_column_text]PRO.SEAL.E es un producto en EPDM y es excelente para las juntas as\u00ed los l\u00edquidos y los vapores no entren en contacto con elementos el\u00e9tricos[\/vc_column_text][vc_empty_space height=\u00bb30px\u00bb]<a  itemprop=\"url\" href=\"mailto:info@isostamp.com\" target=\"_self\"  class=\"qbutton  medium center default\" style=\"\">PIDE LA DOCUMENTACI\u00d3N T\u00c9CNICA<\/a>[\/vc_column][\/vc_row][vc_row css_animation=\u00bb\u00bb row_type=\u00bbrow\u00bb use_row_as_full_screen_section=\u00bbno\u00bb type=\u00bbfull_width\u00bb angled_section=\u00bbno\u00bb text_align=\u00bbleft\u00bb background_image_as_pattern=\u00bbwithout_pattern\u00bb][vc_column][vc_empty_space height=\u00bb30px\u00bb][vc_column_text]\n<table id=\"tablepress-51\" class=\"tablepress tablepress-id-51\">\n<thead>\n<tr class=\"row-1\">\n\t<th class=\"column-1\"><\/th><th class=\"column-2\">MATERIAL<\/th><th class=\"column-3\">TEMPERATURA DE TRABAJO<\/th><th class=\"column-4\">MAX TEMPERATURA DE TRABAJO<\/th><th class=\"column-5\">W\/M*K<\/th><th class=\"column-6\">INFLAMABILIDAD<\/th><th class=\"column-7\">UTILIZACI\u00d3N<\/th>\n<\/tr>\n<\/thead>\n<tbody>\n<tr class=\"row-2\">\n\t<td class=\"column-1\"><img src=\"http:\/\/isostamp.com\/wp-content\/uploads\/2015\/07\/PRO-SEAL-E-dati-tecnici-150.png\" alt=\"PRO.SEAL.E dati tecnici\" width=\"150\" height=\"31\" class=\"alignleft size-full wp-image-16651\" \/><\/td><td class=\"column-2\">F<\/td><td class=\"column-3\">100 C\u00b0<\/td><td class=\"column-4\">110 C\u00b0<\/td><td class=\"column-5\">-<\/td><td class=\"column-6\">-<\/td><td class=\"column-7\">T - S<\/td>\n<\/tr>\n<\/tbody>\n<\/table>\n<!-- #tablepress-51 from cache -->[\/vc_column_text][\/vc_column][\/vc_row][vc_row css_animation=\u00bb\u00bb row_type=\u00bbrow\u00bb use_row_as_full_screen_section=\u00bbno\u00bb type=\u00bbfull_width\u00bb angled_section=\u00bbno\u00bb text_align=\u00bbcenter\u00bb background_image_as_pattern=\u00bbwithout_pattern\u00bb z_index=\u00bb\u00bb][vc_column][vc_empty_space height=\u00bb50px\u00bb]<a  itemprop=\"url\" href=\"\/es\/productos-y-aplicaciones\/\" target=\"_self\"  class=\"qbutton  center default\" style=\"\">TODOS LOS PRODUCTOS<\/a>[vc_empty_space height=\u00bb80px\u00bb][\/vc_column][\/vc_row]<\/p>\n<\/section>","protected":false},"excerpt":{"rendered":"<p>[vc_row css_animation=\u00bb\u00bb row_type=\u00bbrow\u00bb use_row_as_full_screen_section=\u00bbno\u00bb type=\u00bbfull_width\u00bb angled_section=\u00bbno\u00bb text_align=\u00bbleft\u00bb background_image_as_pattern=\u00bbwithout_pattern\u00bb][vc_column][vc_column_text] Pro.Seal.E [\/vc_column_text][vc_separator type=\u00bbsmall\u00bb position=\u00bbcenter\u00bb color=\u00bb#ee7d00&#8243; thickness=\u00bb4&#8243; width=\u00bb48&#8243; up=\u00bb20&#8243; down=\u00bb30&#8243;][\/vc_column][\/vc_row][vc_row css_animation=\u00bb\u00bb row_type=\u00bbrow\u00bb use_row_as_full_screen_section=\u00bbno\u00bb type=\u00bbfull_width\u00bb angled_section=\u00bbno\u00bb text_align=\u00bbleft\u00bb background_image_as_pattern=\u00bbwithout_pattern\u00bb][vc_column width=\u00bb2\/3&#8243;][vc_gallery type=\u00bbflexslider_slide\u00bb interval=\u00bb0&#8243; images=\u00bb19599,19603,19607,19611&#8243; img_size=\u00bbfull\u00bb][\/vc_column][vc_column width=\u00bb1\/3&#8243;][vc_column_text] PRO.SEAL.E [\/vc_column_text][vc_empty_space height=\u00bb30px\u00bb][vc_column_text]PRO.SEAL.E es un producto en EPDM y es excelente para las juntas as\u00ed&#8230;<\/p>\n","protected":false},"author":2,"featured_media":19602,"parent":20406,"menu_order":0,"comment_status":"open","ping_status":"closed","template":"","meta":[],"acf":[],"yoast_head":"<!-- This site is optimized with the Yoast SEO plugin v20.10 - https:\/\/yoast.com\/wordpress\/plugins\/seo\/ -->\n<title>PRO.SEAL.E - Isostamp<\/title>\n<meta name=\"robots\" content=\"index, follow, max-snippet:-1, max-image-preview:large, max-video-preview:-1\" \/>\n<link rel=\"canonical\" href=\"https:\/\/isostamp.com\/es\/productos-y-aplicaciones\/pro-seal-e\/\" \/>\n<meta property=\"og:locale\" content=\"es_ES\" \/>\n<meta property=\"og:type\" content=\"article\" \/>\n<meta property=\"og:title\" content=\"PRO.SEAL.E - Isostamp\" \/>\n<meta property=\"og:description\" content=\"[vc_row css_animation=\u00bb\u00bb row_type=\u00bbrow\u00bb use_row_as_full_screen_section=\u00bbno\u00bb type=\u00bbfull_width\u00bb angled_section=\u00bbno\u00bb text_align=\u00bbleft\u00bb background_image_as_pattern=\u00bbwithout_pattern\u00bb][vc_column][vc_column_text] Pro.Seal.E [\/vc_column_text][vc_separator type=\u00bbsmall\u00bb position=\u00bbcenter\u00bb color=\u00bb#ee7d00&#8243; thickness=\u00bb4&#8243; width=\u00bb48&#8243; up=\u00bb20&#8243; down=\u00bb30&#8243;][\/vc_column][\/vc_row][vc_row css_animation=\u00bb\u00bb row_type=\u00bbrow\u00bb use_row_as_full_screen_section=\u00bbno\u00bb type=\u00bbfull_width\u00bb angled_section=\u00bbno\u00bb text_align=\u00bbleft\u00bb background_image_as_pattern=\u00bbwithout_pattern\u00bb][vc_column width=\u00bb2\/3&#8243;][vc_gallery type=\u00bbflexslider_slide\u00bb interval=\u00bb0&#8243; images=\u00bb19599,19603,19607,19611&#8243; img_size=\u00bbfull\u00bb][\/vc_column][vc_column width=\u00bb1\/3&#8243;][vc_column_text] PRO.SEAL.E [\/vc_column_text][vc_empty_space height=\u00bb30px\u00bb][vc_column_text]PRO.SEAL.E es un producto en EPDM y es excelente para las juntas as\u00ed...\" \/>\n<meta property=\"og:url\" content=\"https:\/\/isostamp.com\/es\/productos-y-aplicaciones\/pro-seal-e\/\" \/>\n<meta property=\"og:site_name\" content=\"Isostamp\" \/>\n<meta property=\"article:modified_time\" content=\"2019-07-04T17:59:17+00:00\" \/>\n<meta property=\"og:image\" content=\"https:\/\/isostamp.com\/wp-content\/uploads\/2019\/01\/proseale-01-1.jpg\" \/>\n\t<meta property=\"og:image:width\" content=\"906\" \/>\n\t<meta property=\"og:image:height\" content=\"664\" \/>\n\t<meta property=\"og:image:type\" content=\"image\/jpeg\" \/>\n<meta name=\"twitter:card\" content=\"summary_large_image\" \/>\n<meta name=\"twitter:label1\" content=\"Tiempo de lectura\" \/>\n\t<meta name=\"twitter:data1\" content=\"1 minuto\" \/>\n<script type=\"application\/ld+json\" class=\"yoast-schema-graph\">{\"@context\":\"https:\/\/schema.org\",\"@graph\":[{\"@type\":\"WebPage\",\"@id\":\"https:\/\/isostamp.com\/es\/productos-y-aplicaciones\/pro-seal-e\/\",\"url\":\"https:\/\/isostamp.com\/es\/productos-y-aplicaciones\/pro-seal-e\/\",\"name\":\"PRO.SEAL.E - Isostamp\",\"isPartOf\":{\"@id\":\"https:\/\/isostamp.com\/en\/#website\"},\"datePublished\":\"2015-07-06T12:15:23+00:00\",\"dateModified\":\"2019-07-04T17:59:17+00:00\",\"breadcrumb\":{\"@id\":\"https:\/\/isostamp.com\/es\/productos-y-aplicaciones\/pro-seal-e\/#breadcrumb\"},\"inLanguage\":\"es\",\"potentialAction\":[{\"@type\":\"ReadAction\",\"target\":[\"https:\/\/isostamp.com\/es\/productos-y-aplicaciones\/pro-seal-e\/\"]}]},{\"@type\":\"BreadcrumbList\",\"@id\":\"https:\/\/isostamp.com\/es\/productos-y-aplicaciones\/pro-seal-e\/#breadcrumb\",\"itemListElement\":[{\"@type\":\"ListItem\",\"position\":1,\"name\":\"Home\",\"item\":\"https:\/\/isostamp.com\/es\/\"},{\"@type\":\"ListItem\",\"position\":2,\"name\":\"Productos y aplicaciones\",\"item\":\"https:\/\/isostamp.com\/es\/productos-y-aplicaciones\/\"},{\"@type\":\"ListItem\",\"position\":3,\"name\":\"PRO.SEAL.E\"}]},{\"@type\":\"WebSite\",\"@id\":\"https:\/\/isostamp.com\/en\/#website\",\"url\":\"https:\/\/isostamp.com\/en\/\",\"name\":\"Isostamp\",\"description\":\"\",\"potentialAction\":[{\"@type\":\"SearchAction\",\"target\":{\"@type\":\"EntryPoint\",\"urlTemplate\":\"https:\/\/isostamp.com\/en\/?s={search_term_string}\"},\"query-input\":\"required name=search_term_string\"}],\"inLanguage\":\"es\"}]}<\/script>\n<!-- \/ Yoast SEO plugin. -->","yoast_head_json":{"title":"PRO.SEAL.E - Isostamp","robots":{"index":"index","follow":"follow","max-snippet":"max-snippet:-1","max-image-preview":"max-image-preview:large","max-video-preview":"max-video-preview:-1"},"canonical":"https:\/\/isostamp.com\/es\/productos-y-aplicaciones\/pro-seal-e\/","og_locale":"es_ES","og_type":"article","og_title":"PRO.SEAL.E - Isostamp","og_description":"[vc_row css_animation=\u00bb\u00bb row_type=\u00bbrow\u00bb use_row_as_full_screen_section=\u00bbno\u00bb type=\u00bbfull_width\u00bb angled_section=\u00bbno\u00bb text_align=\u00bbleft\u00bb background_image_as_pattern=\u00bbwithout_pattern\u00bb][vc_column][vc_column_text] Pro.Seal.E [\/vc_column_text][vc_separator type=\u00bbsmall\u00bb position=\u00bbcenter\u00bb color=\u00bb#ee7d00&#8243; thickness=\u00bb4&#8243; width=\u00bb48&#8243; up=\u00bb20&#8243; down=\u00bb30&#8243;][\/vc_column][\/vc_row][vc_row css_animation=\u00bb\u00bb row_type=\u00bbrow\u00bb use_row_as_full_screen_section=\u00bbno\u00bb type=\u00bbfull_width\u00bb angled_section=\u00bbno\u00bb text_align=\u00bbleft\u00bb background_image_as_pattern=\u00bbwithout_pattern\u00bb][vc_column width=\u00bb2\/3&#8243;][vc_gallery type=\u00bbflexslider_slide\u00bb interval=\u00bb0&#8243; images=\u00bb19599,19603,19607,19611&#8243; img_size=\u00bbfull\u00bb][\/vc_column][vc_column width=\u00bb1\/3&#8243;][vc_column_text] PRO.SEAL.E [\/vc_column_text][vc_empty_space height=\u00bb30px\u00bb][vc_column_text]PRO.SEAL.E es un producto en EPDM y es excelente para las juntas as\u00ed...","og_url":"https:\/\/isostamp.com\/es\/productos-y-aplicaciones\/pro-seal-e\/","og_site_name":"Isostamp","article_modified_time":"2019-07-04T17:59:17+00:00","og_image":[{"width":906,"height":664,"url":"https:\/\/isostamp.com\/wp-content\/uploads\/2019\/01\/proseale-01-1.jpg","type":"image\/jpeg"}],"twitter_card":"summary_large_image","twitter_misc":{"Tiempo de lectura":"1 minuto"},"schema":{"@context":"https:\/\/schema.org","@graph":[{"@type":"WebPage","@id":"https:\/\/isostamp.com\/es\/productos-y-aplicaciones\/pro-seal-e\/","url":"https:\/\/isostamp.com\/es\/productos-y-aplicaciones\/pro-seal-e\/","name":"PRO.SEAL.E - Isostamp","isPartOf":{"@id":"https:\/\/isostamp.com\/en\/#website"},"datePublished":"2015-07-06T12:15:23+00:00","dateModified":"2019-07-04T17:59:17+00:00","breadcrumb":{"@id":"https:\/\/isostamp.com\/es\/productos-y-aplicaciones\/pro-seal-e\/#breadcrumb"},"inLanguage":"es","potentialAction":[{"@type":"ReadAction","target":["https:\/\/isostamp.com\/es\/productos-y-aplicaciones\/pro-seal-e\/"]}]},{"@type":"BreadcrumbList","@id":"https:\/\/isostamp.com\/es\/productos-y-aplicaciones\/pro-seal-e\/#breadcrumb","itemListElement":[{"@type":"ListItem","position":1,"name":"Home","item":"https:\/\/isostamp.com\/es\/"},{"@type":"ListItem","position":2,"name":"Productos y aplicaciones","item":"https:\/\/isostamp.com\/es\/productos-y-aplicaciones\/"},{"@type":"ListItem","position":3,"name":"PRO.SEAL.E"}]},{"@type":"WebSite","@id":"https:\/\/isostamp.com\/en\/#website","url":"https:\/\/isostamp.com\/en\/","name":"Isostamp","description":"","potentialAction":[{"@type":"SearchAction","target":{"@type":"EntryPoint","urlTemplate":"https:\/\/isostamp.com\/en\/?s={search_term_string}"},"query-input":"required name=search_term_string"}],"inLanguage":"es"}]}},"_links":{"self":[{"href":"https:\/\/isostamp.com\/es\/wp-json\/wp\/v2\/pages\/20422"}],"collection":[{"href":"https:\/\/isostamp.com\/es\/wp-json\/wp\/v2\/pages"}],"about":[{"href":"https:\/\/isostamp.com\/es\/wp-json\/wp\/v2\/types\/page"}],"author":[{"embeddable":true,"href":"https:\/\/isostamp.com\/es\/wp-json\/wp\/v2\/users\/2"}],"replies":[{"embeddable":true,"href":"https:\/\/isostamp.com\/es\/wp-json\/wp\/v2\/comments?post=20422"}],"version-history":[{"count":0,"href":"https:\/\/isostamp.com\/es\/wp-json\/wp\/v2\/pages\/20422\/revisions"}],"up":[{"embeddable":true,"href":"https:\/\/isostamp.com\/es\/wp-json\/wp\/v2\/pages\/20406"}],"wp:featuredmedia":[{"embeddable":true,"href":"https:\/\/isostamp.com\/es\/wp-json\/wp\/v2\/media\/19602"}],"wp:attachment":[{"href":"https:\/\/isostamp.com\/es\/wp-json\/wp\/v2\/media?parent=20422"}],"curies":[{"name":"wp","href":"https:\/\/api.w.org\/{rel}","templated":true}]}}