{"id":20555,"date":"2018-01-09T11:22:44","date_gmt":"2018-01-09T10:22:44","guid":{"rendered":"http:\/\/isostamp.com\/prodotti-standard\/"},"modified":"2023-06-27T15:09:43","modified_gmt":"2023-06-27T15:09:43","slug":"productos-estandar","status":"publish","type":"page","link":"https:\/\/isostamp.com\/es\/productos-estandar\/","title":{"rendered":"Productos est\u00e1ndar"},"content":{"rendered":"<section class=\"wpb-content-wrapper\"><p>[vc_row css_animation=\u00bb\u00bb row_type=\u00bbrow\u00bb use_row_as_full_screen_section=\u00bbno\u00bb type=\u00bbfull_width\u00bb angled_section=\u00bbno\u00bb text_align=\u00bbleft\u00bb background_image_as_pattern=\u00bbwithout_pattern\u00bb][vc_column][vc_column_text]<\/p>\n<h1 style=\"text-align: center;\">Productos est\u00e1ndar<\/h1>\n<p>[\/vc_column_text][vc_separator type=\u00bbsmall\u00bb position=\u00bbcenter\u00bb color=\u00bb#ee7d00&#8243; thickness=\u00bb4&#8243; width=\u00bb48&#8243; up=\u00bb20&#8243; down=\u00bb30&#8243;][\/vc_column][\/vc_row][vc_row css_animation=\u00bb\u00bb row_type=\u00bbrow\u00bb use_row_as_full_screen_section=\u00bbno\u00bb type=\u00bbfull_width\u00bb angled_section=\u00bbno\u00bb text_align=\u00bbleft\u00bb background_image_as_pattern=\u00bbwithout_pattern\u00bb background_color=\u00bb#ffffff\u00bb z_index=\u00bb\u00bb css=\u00bb.vc_custom_1547475138002{margin-bottom: 15px !important;}\u00bb][vc_column][vc_column_text]<\/p>\n<h5 style=\"text-align: center;\">Aislamiento t\u00e9rmico y anticondensaci\u00f3n termoformado en ISOPRE (polietileno reticulado de c\u00e9lulas cerradas) con sistema de cierre adhesivo, clip met\u00e1lico o velcro adhesivo. \u00c1reas de uso: refrigeraci\u00f3n, climatizaci\u00f3n, sistemas hidr\u00e1ulicos, ice-makers, m\u00e1quinas para helados y dispensadores de agua. Temperatura de funcionamiento de \u2013 40 \u00b0 C a + 90 \u00b0 C.<\/h5>\n<p>[\/vc_column_text][vc_empty_space height=\u00bb80px\u00bb][\/vc_column][\/vc_row][vc_row css_animation=\u00bb\u00bb row_type=\u00bbrow\u00bb use_row_as_full_screen_section=\u00bbno\u00bb type=\u00bbfull_width\u00bb angled_section=\u00bbno\u00bb text_align=\u00bbleft\u00bb background_image_as_pattern=\u00bbwithout_pattern\u00bb background_color=\u00bb#ffffff\u00bb z_index=\u00bb\u00bb css=\u00bb.vc_custom_1547475828240{margin-bottom: 15px !important;}\u00bb][vc_column width=\u00bb1\/2&#8243; css=\u00bb.vc_custom_1562053519654{margin-bottom: 50px !important;}\u00bb][vc_gallery type=\u00bbflexslider_slide\u00bb interval=\u00bb0&#8243; images=\u00bb19716,19712&#8243; img_size=\u00bbfull\u00bb css=\u00bb.vc_custom_1557761055110{margin-bottom: 0px !important;}\u00bb][vc_column_text]<\/p>\n<h2><span class=\"highlight\" style=\"color: #222222; background-color: transparent;\">ART. 3.PRE.60059_60060 <\/span><br \/>\nAislamiento V\u00c1LVULA DANFOSS TES 2<\/h2>\n<p>[\/vc_column_text][vc_empty_space height=\u00bb15px\u00bb][vc_column_text]ISOPRE Densidad 30 Kg\/m3 Espesor 10 + Dichte 70 Kg\/m3 Espesor 2,5 mm[\/vc_column_text][vc_empty_space height=\u00bb15px\u00bb]<a  itemprop=\"url\" href=\"\/wp-content\/uploads\/2017\/12\/3.PRE_.60059-60-disegno-tecnico.jpg\" target=\"_blank\" data-hover-border-color='#000000' data-hover-color='#000000' class=\"qbutton  default\" style=\"color: #ffffff; border-color: #ee7d00; \">DISE\u00d1O T\u00c9CNICO - PDF<\/a>[\/vc_column][vc_column width=\u00bb1\/2&#8243;][vc_gallery type=\u00bbflexslider_slide\u00bb interval=\u00bb0&#8243; images=\u00bb19725,19721&#8243; img_size=\u00bbfull\u00bb][vc_column_text]<\/p>\n<h2><span class=\"highlight\" style=\"color: #222222; background-color: transparent;\">ART. 3.PRE.10109 <\/span><br \/>\nDANFOSS VALVE TES 2 insulation<\/h2>\n<p>[\/vc_column_text][vc_empty_space height=\u00bb15px\u00bb][vc_column_text]ISOPRE Densidad 30 Kg\/m3 Espesor 20 + Densidad 115 Kg\/m3 Espesor 2,5 mm[\/vc_column_text][vc_empty_space height=\u00bb15px\u00bb]<a  itemprop=\"url\" href=\"\/wp-content\/uploads\/2017\/12\/3.PRE_.10109-disegno-tecnico.jpg\" target=\"_blank\" data-hover-border-color='#000000' data-hover-color='#000000' class=\"qbutton  default\" style=\"color: #ffffff; border-color: #ee7d00; \">DISE\u00d1O T\u00c9CNICO - PDF<\/a>[\/vc_column][\/vc_row][vc_row css_animation=\u00bb\u00bb row_type=\u00bbrow\u00bb use_row_as_full_screen_section=\u00bbno\u00bb type=\u00bbfull_width\u00bb angled_section=\u00bbno\u00bb text_align=\u00bbleft\u00bb background_image_as_pattern=\u00bbwithout_pattern\u00bb background_color=\u00bb#ffffff\u00bb z_index=\u00bb\u00bb css=\u00bb.vc_custom_1557761033896{margin-top: 50px !important;margin-bottom: 15px !important;}\u00bb][vc_column width=\u00bb1\/2&#8243;][vc_single_image image=\u00bb20189&#8243; img_size=\u00bbfull\u00bb qode_css_animation=\u00bb\u00bb css=\u00bb.vc_custom_1562053270701{margin-bottom: 50px !important;}\u00bb][vc_column_text]<\/p>\n<h2><span class=\"highlight\" style=\"color: #222222; background-color: transparent;\">ART. COBERTURA PARA TUBOS <\/span><br \/>\nCOBERTURA PARA TUBOS EN ISOSOL_EC<\/h2>\n<p>[\/vc_column_text][vc_empty_space height=\u00bb15px\u00bb][vc_column_text]COBERTURA PARA TUBOS en ISOSOL_EC CON O SIN VELCRO, DI\u00c1METRO Y ESPESOR A PETICI\u00d3N<br \/>\n[\/vc_column_text][vc_empty_space height=\u00bb15px\u00bb]<a  itemprop=\"url\" href=\"\/wp-content\/uploads\/2019\/06\/COPRITUBO.pdf\" target=\"_blank\" data-hover-border-color='#000000' data-hover-color='#000000' class=\"qbutton  default\" style=\"color: #ffffff; border-color: #ee7d00; \">DISE\u00d1O T\u00c9CNICO - PDF<\/a>[\/vc_column][vc_column width=\u00bb1\/2&#8243;][vc_single_image image=\u00bb21618&#8243; img_size=\u00bbfull\u00bb qode_css_animation=\u00bb\u00bb css=\u00bb.vc_custom_1673342998108{margin-bottom: 50px !important;}\u00bb][vc_column_text]<\/p>\n<h2><span class=\"highlight\" style=\"color: #222222; background-color: transparent;\">ART. COBERTURA PARA TUBOS <\/span><br \/>\nCOPERTURA PARA TUBOS EN ISOPRE<\/h2>\n<p>[\/vc_column_text][vc_empty_space height=\u00bb15px\u00bb][vc_column_text]COBERTURA PARA TUBOS EN ISOPRE, DIMENSI\u00d3N A PETICI\u00d3N[\/vc_column_text][vc_empty_space height=\u00bb15px\u00bb][\/vc_column][\/vc_row][vc_row css_animation=\u00bb\u00bb row_type=\u00bbrow\u00bb use_row_as_full_screen_section=\u00bbno\u00bb type=\u00bbfull_width\u00bb angled_section=\u00bbno\u00bb text_align=\u00bbleft\u00bb background_image_as_pattern=\u00bbwithout_pattern\u00bb css=\u00bb.vc_custom_1547475854531{margin-top: 120px !important;}\u00bb z_index=\u00bb\u00bb][vc_column][vc_column_text]<\/p>\n<h1 style=\"text-align: center;\">Sistema de cierre<\/h1>\n<p>[\/vc_column_text][vc_separator type=\u00bbsmall\u00bb position=\u00bbcenter\u00bb color=\u00bb#ee7d00&#8243; thickness=\u00bb4&#8243; width=\u00bb48&#8243; up=\u00bb20&#8243; down=\u00bb30&#8243;][\/vc_column][\/vc_row][vc_row css_animation=\u00bb\u00bb row_type=\u00bbrow\u00bb use_row_as_full_screen_section=\u00bbno\u00bb type=\u00bbgrid\u00bb angled_section=\u00bbno\u00bb text_align=\u00bbcenter\u00bb background_image_as_pattern=\u00bbwithout_pattern\u00bb padding_bottom=\u00bb96&#8243; css=\u00bb.vc_custom_1547475806457{background-position: center !important;background-repeat: no-repeat !important;background-size: cover !important;}\u00bb z_index=\u00bb\u00bb][vc_column width=\u00bb1\/3&#8243;][vc_single_image image=\u00bb19730&#8243; img_size=\u00bbfull\u00bb qode_css_animation=\u00bb\u00bb][vc_column_text css=\u00bb.vc_custom_1560429902009{padding-top: 20px !important;padding-bottom: 20px !important;background-color: #ee7d00 !important;}\u00bb]<\/p>\n<p style=\"text-align: center;\"><strong><span style=\"color: #000000;\">Adhesivo<\/span><\/strong><\/p>\n<p>[\/vc_column_text][vc_empty_space height=\u00bb20px\u00bb][\/vc_column][vc_column width=\u00bb1\/3&#8243;][vc_single_image image=\u00bb19734&#8243; img_size=\u00bbfull\u00bb qode_css_animation=\u00bb\u00bb][vc_column_text css=\u00bb.vc_custom_1560429930401{padding-top: 20px !important;padding-bottom: 20px !important;background-color: #ee7d00 !important;}\u00bb]<\/p>\n<p style=\"text-align: center;\"><strong><span style=\"color: #000000;\">Clip met\u00e1lico<\/span><\/strong><\/p>\n<p>[\/vc_column_text][vc_empty_space height=\u00bb20px\u00bb][\/vc_column][vc_column width=\u00bb1\/3&#8243;][vc_single_image image=\u00bb19738&#8243; img_size=\u00bbfull\u00bb qode_css_animation=\u00bb\u00bb][vc_column_text css=\u00bb.vc_custom_1687878529997{padding-top: 20px !important;padding-bottom: 20px !important;background-color: #ee7d00 !important;}\u00bb]<\/p>\n<p style=\"text-align: center;\"><strong><span style=\"color: #000000;\">Hook&amp;Loop <\/span><\/strong><\/p>\n<p>[\/vc_column_text][vc_empty_space height=\u00bb20px\u00bb][\/vc_column][\/vc_row]<\/p>\n<\/section>","protected":false},"excerpt":{"rendered":"<p>[vc_row css_animation=\u00bb\u00bb row_type=\u00bbrow\u00bb use_row_as_full_screen_section=\u00bbno\u00bb type=\u00bbfull_width\u00bb angled_section=\u00bbno\u00bb text_align=\u00bbleft\u00bb background_image_as_pattern=\u00bbwithout_pattern\u00bb][vc_column][vc_column_text] Productos est\u00e1ndar [\/vc_column_text][vc_separator type=\u00bbsmall\u00bb position=\u00bbcenter\u00bb color=\u00bb#ee7d00&#8243; thickness=\u00bb4&#8243; width=\u00bb48&#8243; up=\u00bb20&#8243; down=\u00bb30&#8243;][\/vc_column][\/vc_row][vc_row css_animation=\u00bb\u00bb row_type=\u00bbrow\u00bb use_row_as_full_screen_section=\u00bbno\u00bb type=\u00bbfull_width\u00bb angled_section=\u00bbno\u00bb text_align=\u00bbleft\u00bb background_image_as_pattern=\u00bbwithout_pattern\u00bb background_color=\u00bb#ffffff\u00bb z_index=\u00bb\u00bb css=\u00bb.vc_custom_1547475138002{margin-bottom: 15px !important;}\u00bb][vc_column][vc_column_text] Aislamiento t\u00e9rmico y anticondensaci\u00f3n termoformado en ISOPRE (polietileno reticulado de c\u00e9lulas cerradas) con sistema de&#8230;<\/p>\n","protected":false},"author":2,"featured_media":0,"parent":0,"menu_order":3,"comment_status":"closed","ping_status":"closed","template":"","meta":[],"acf":[],"yoast_head":"<!-- This site is optimized with the Yoast SEO plugin v20.10 - https:\/\/yoast.com\/wordpress\/plugins\/seo\/ -->\n<title>Productos est\u00e1ndar - Isostamp<\/title>\n<meta name=\"robots\" content=\"index, follow, max-snippet:-1, max-image-preview:large, max-video-preview:-1\" \/>\n<link rel=\"canonical\" href=\"https:\/\/isostamp.com\/es\/productos-estandar\/\" \/>\n<meta property=\"og:locale\" content=\"es_ES\" \/>\n<meta property=\"og:type\" content=\"article\" \/>\n<meta property=\"og:title\" content=\"Productos est\u00e1ndar - Isostamp\" \/>\n<meta property=\"og:description\" content=\"[vc_row css_animation=\u00bb\u00bb row_type=\u00bbrow\u00bb use_row_as_full_screen_section=\u00bbno\u00bb type=\u00bbfull_width\u00bb angled_section=\u00bbno\u00bb text_align=\u00bbleft\u00bb background_image_as_pattern=\u00bbwithout_pattern\u00bb][vc_column][vc_column_text] Productos est\u00e1ndar [\/vc_column_text][vc_separator type=\u00bbsmall\u00bb position=\u00bbcenter\u00bb color=\u00bb#ee7d00&#8243; thickness=\u00bb4&#8243; width=\u00bb48&#8243; up=\u00bb20&#8243; down=\u00bb30&#8243;][\/vc_column][\/vc_row][vc_row css_animation=\u00bb\u00bb row_type=\u00bbrow\u00bb use_row_as_full_screen_section=\u00bbno\u00bb type=\u00bbfull_width\u00bb angled_section=\u00bbno\u00bb text_align=\u00bbleft\u00bb background_image_as_pattern=\u00bbwithout_pattern\u00bb background_color=\u00bb#ffffff\u00bb z_index=\u00bb\u00bb css=\u00bb.vc_custom_1547475138002{margin-bottom: 15px !important;}\u00bb][vc_column][vc_column_text] Aislamiento t\u00e9rmico y anticondensaci\u00f3n termoformado en ISOPRE (polietileno reticulado de c\u00e9lulas cerradas) con sistema de...\" \/>\n<meta property=\"og:url\" content=\"https:\/\/isostamp.com\/es\/productos-estandar\/\" \/>\n<meta property=\"og:site_name\" content=\"Isostamp\" \/>\n<meta property=\"article:modified_time\" content=\"2023-06-27T15:09:43+00:00\" \/>\n<meta name=\"twitter:card\" content=\"summary_large_image\" \/>\n<meta name=\"twitter:label1\" content=\"Tiempo de lectura\" \/>\n\t<meta name=\"twitter:data1\" content=\"2 minutos\" \/>\n<script type=\"application\/ld+json\" class=\"yoast-schema-graph\">{\"@context\":\"https:\/\/schema.org\",\"@graph\":[{\"@type\":\"WebPage\",\"@id\":\"https:\/\/isostamp.com\/es\/productos-estandar\/\",\"url\":\"https:\/\/isostamp.com\/es\/productos-estandar\/\",\"name\":\"Productos est\u00e1ndar - Isostamp\",\"isPartOf\":{\"@id\":\"https:\/\/isostamp.com\/en\/#website\"},\"datePublished\":\"2018-01-09T10:22:44+00:00\",\"dateModified\":\"2023-06-27T15:09:43+00:00\",\"breadcrumb\":{\"@id\":\"https:\/\/isostamp.com\/es\/productos-estandar\/#breadcrumb\"},\"inLanguage\":\"es\",\"potentialAction\":[{\"@type\":\"ReadAction\",\"target\":[\"https:\/\/isostamp.com\/es\/productos-estandar\/\"]}]},{\"@type\":\"BreadcrumbList\",\"@id\":\"https:\/\/isostamp.com\/es\/productos-estandar\/#breadcrumb\",\"itemListElement\":[{\"@type\":\"ListItem\",\"position\":1,\"name\":\"Home\",\"item\":\"https:\/\/isostamp.com\/es\/\"},{\"@type\":\"ListItem\",\"position\":2,\"name\":\"Productos est\u00e1ndar\"}]},{\"@type\":\"WebSite\",\"@id\":\"https:\/\/isostamp.com\/en\/#website\",\"url\":\"https:\/\/isostamp.com\/en\/\",\"name\":\"Isostamp\",\"description\":\"\",\"potentialAction\":[{\"@type\":\"SearchAction\",\"target\":{\"@type\":\"EntryPoint\",\"urlTemplate\":\"https:\/\/isostamp.com\/en\/?s={search_term_string}\"},\"query-input\":\"required name=search_term_string\"}],\"inLanguage\":\"es\"}]}<\/script>\n<!-- \/ Yoast SEO plugin. -->","yoast_head_json":{"title":"Productos est\u00e1ndar - Isostamp","robots":{"index":"index","follow":"follow","max-snippet":"max-snippet:-1","max-image-preview":"max-image-preview:large","max-video-preview":"max-video-preview:-1"},"canonical":"https:\/\/isostamp.com\/es\/productos-estandar\/","og_locale":"es_ES","og_type":"article","og_title":"Productos est\u00e1ndar - Isostamp","og_description":"[vc_row css_animation=\u00bb\u00bb row_type=\u00bbrow\u00bb use_row_as_full_screen_section=\u00bbno\u00bb type=\u00bbfull_width\u00bb angled_section=\u00bbno\u00bb text_align=\u00bbleft\u00bb background_image_as_pattern=\u00bbwithout_pattern\u00bb][vc_column][vc_column_text] Productos est\u00e1ndar [\/vc_column_text][vc_separator type=\u00bbsmall\u00bb position=\u00bbcenter\u00bb color=\u00bb#ee7d00&#8243; thickness=\u00bb4&#8243; width=\u00bb48&#8243; up=\u00bb20&#8243; down=\u00bb30&#8243;][\/vc_column][\/vc_row][vc_row css_animation=\u00bb\u00bb row_type=\u00bbrow\u00bb use_row_as_full_screen_section=\u00bbno\u00bb type=\u00bbfull_width\u00bb angled_section=\u00bbno\u00bb text_align=\u00bbleft\u00bb background_image_as_pattern=\u00bbwithout_pattern\u00bb background_color=\u00bb#ffffff\u00bb z_index=\u00bb\u00bb css=\u00bb.vc_custom_1547475138002{margin-bottom: 15px !important;}\u00bb][vc_column][vc_column_text] Aislamiento t\u00e9rmico y anticondensaci\u00f3n termoformado en ISOPRE (polietileno reticulado de c\u00e9lulas cerradas) con sistema de...","og_url":"https:\/\/isostamp.com\/es\/productos-estandar\/","og_site_name":"Isostamp","article_modified_time":"2023-06-27T15:09:43+00:00","twitter_card":"summary_large_image","twitter_misc":{"Tiempo de lectura":"2 minutos"},"schema":{"@context":"https:\/\/schema.org","@graph":[{"@type":"WebPage","@id":"https:\/\/isostamp.com\/es\/productos-estandar\/","url":"https:\/\/isostamp.com\/es\/productos-estandar\/","name":"Productos est\u00e1ndar - Isostamp","isPartOf":{"@id":"https:\/\/isostamp.com\/en\/#website"},"datePublished":"2018-01-09T10:22:44+00:00","dateModified":"2023-06-27T15:09:43+00:00","breadcrumb":{"@id":"https:\/\/isostamp.com\/es\/productos-estandar\/#breadcrumb"},"inLanguage":"es","potentialAction":[{"@type":"ReadAction","target":["https:\/\/isostamp.com\/es\/productos-estandar\/"]}]},{"@type":"BreadcrumbList","@id":"https:\/\/isostamp.com\/es\/productos-estandar\/#breadcrumb","itemListElement":[{"@type":"ListItem","position":1,"name":"Home","item":"https:\/\/isostamp.com\/es\/"},{"@type":"ListItem","position":2,"name":"Productos est\u00e1ndar"}]},{"@type":"WebSite","@id":"https:\/\/isostamp.com\/en\/#website","url":"https:\/\/isostamp.com\/en\/","name":"Isostamp","description":"","potentialAction":[{"@type":"SearchAction","target":{"@type":"EntryPoint","urlTemplate":"https:\/\/isostamp.com\/en\/?s={search_term_string}"},"query-input":"required name=search_term_string"}],"inLanguage":"es"}]}},"_links":{"self":[{"href":"https:\/\/isostamp.com\/es\/wp-json\/wp\/v2\/pages\/20555"}],"collection":[{"href":"https:\/\/isostamp.com\/es\/wp-json\/wp\/v2\/pages"}],"about":[{"href":"https:\/\/isostamp.com\/es\/wp-json\/wp\/v2\/types\/page"}],"author":[{"embeddable":true,"href":"https:\/\/isostamp.com\/es\/wp-json\/wp\/v2\/users\/2"}],"replies":[{"embeddable":true,"href":"https:\/\/isostamp.com\/es\/wp-json\/wp\/v2\/comments?post=20555"}],"version-history":[{"count":2,"href":"https:\/\/isostamp.com\/es\/wp-json\/wp\/v2\/pages\/20555\/revisions"}],"predecessor-version":[{"id":22076,"href":"https:\/\/isostamp.com\/es\/wp-json\/wp\/v2\/pages\/20555\/revisions\/22076"}],"wp:attachment":[{"href":"https:\/\/isostamp.com\/es\/wp-json\/wp\/v2\/media?parent=20555"}],"curies":[{"name":"wp","href":"https:\/\/api.w.org\/{rel}","templated":true}]}}