{"id":21698,"date":"2022-11-16T10:21:16","date_gmt":"2022-11-16T10:21:16","guid":{"rendered":"https:\/\/isostamp.com\/?page_id=21698"},"modified":"2022-11-16T10:56:48","modified_gmt":"2022-11-16T10:56:48","slug":"condizioni-generali-di-vendita","status":"publish","type":"page","link":"https:\/\/isostamp.com\/it\/condizioni-generali-di-vendita\/","title":{"rendered":"Condizioni generali di vendita"},"content":{"rendered":"<section class=\"wpb-content-wrapper\"><p>[vc_row css_animation=&#8221;&#8221; row_type=&#8221;row&#8221; use_row_as_full_screen_section=&#8221;no&#8221; type=&#8221;full_width&#8221; angled_section=&#8221;no&#8221; text_align=&#8221;left&#8221; background_image_as_pattern=&#8221;without_pattern&#8221;][vc_column][vc_column_text]<\/p>\n<h2>1. Ambito di applicazione e disposizioni generali<\/h2>\n<p>[\/vc_column_text][vc_column_text]Le presenti condizioni generali prevalgono su altre clausole anche generali ovunque contenute, alle vendite, offerte, ordini, conferme d\u2019ordini tra Iso.Stamp.<br \/>\nIsolanti Stampati S.r.l. (Venditore) e l\u2019acquirente (Cliente).<br \/>\nEventuali variazioni alle presenti condizioni generali dovranno avvenire in forma scritta a pena di nullit\u00e0.<br \/>\nIl contratto si intende concluso con l\u2019invio della conferma d\u2019ordine ovvero diretta esecuzione ai sensi dell\u2019art. 1327 c.c.<br \/>\nIl venditore si riserva il diritto potestativo di accettare, ratificare o rifiutare gli affari e le proposte di vendita promosse da agenti o rappresentanti di commercio autorizzati, da intendersi pertanto formulate con la clausola \u201csalvo approvazione\u201d.<br \/>\n\u00c8 onere del Cliente fornire con tempestivit\u00e0 i disegni e le specifiche tecniche utili per la realizzazione del prodotto, esclusa la responsabilit\u00e0 del Venditore rispetto alla correttezza tecnica di tali elaborati.[\/vc_column_text][vc_empty_space][vc_column_text]<\/p>\n<h2>2. Termini di consegna<\/h2>\n<p>[\/vc_column_text][vc_column_text]I termini di consegna faranno riferimento agli INCOTERMS in uso e saranno indicati nell\u2019offerta e in fattura. Il mancato ritiro entro i termini concordati non pregiudica il diritto del venditore all\u2019incasso del corrispettivo pattuito, maggiorato di eventuali oneri, interessi e spese per la messa in giacenza dei beni.<br \/>\nNel caso di ritardo nella consegna imputabile al Venditore, l\u2019ammontare dell\u2019eventuale danno risarcibile, impregiudicata la necessit\u00e0 di una prova rigorosa ai sensi dell\u2019art. 2697 c.c., dovr\u00e0 essere contenuto entro l\u2019importo massimale dell\u20191% del valore del prodotto o dei soli prodotti consegnati in ritardo nel caso di partite complesse, con espressa rinuncia al maggior danno.<br \/>\nIl trasferimento della propriet\u00e0 del prodotto avviene unicamente all\u2019esito del pagamento integrale del corrispettivo dovuto in forza del contratto.<br \/>\nNel caso di richiesta di stoccaggio di merce in aggiunta in pronta consegna, ove il cliente non ritiri la merce nei termini e nelle quantit\u00e0 di volta in volta concordati o non rispetti le relative scadenze di pagamento, il venditore potr\u00e0 pretendere il ritiro immediato di tutta la merce posta in giacenza ed il pagamento dell\u2019intero corrispettivo, nonch\u00e9 di eventuali approvvigionamenti gi\u00e0 pianificati ed ogni ulteriore costo di messa in giacenza e\/o smaltimento.[\/vc_column_text][vc_empty_space][vc_column_text]<\/p>\n<h2>3. Corrispettivi e pagamenti<\/h2>\n<p>[\/vc_column_text][vc_column_text]Si applicano i prezzi indicati nella conferma d\u2019ordine emessa dal Venditore ovvero nel contratto tra le parti. \u00c8 facolt\u00e0 del venditore modificare unilateralmente con comunicazione scritta i prezzi cos\u00ec determinati in ragione di sopravvenute variazioni dei costi di produzione o approvvigionamento.<br \/>\nSe non diversamente stabilito, il prezzo si intende per merce con imballo standard come da offerta, essendo anche inteso che qualsiasi altra spesa (es. imballi speciali), oneri, imposte, trasporto e assicurazione saranno a carico del Cliente.<br \/>\nIl Cliente dovr\u00e0 adempiere al pagamento del prezzo al Venditore nei termini indicati nel contratto e nella valuta ivi specificata. Eventuali spese o commissioni bancarie sono da intendersi a carico del Cliente.[\/vc_column_text][vc_empty_space][vc_column_text]<\/p>\n<h2>4. Ritardato o mancato pagamento<\/h2>\n<p>[\/vc_column_text][vc_column_text]In caso di ritardato o mancato pagamento, il Venditore ha il diritto di sospendere le forniture in corso relative a tutte le partite ed ordini verso il Cliente sino all\u2019integrale pagamento delle competenze e spese insolute, compresi interessi legali di mora, spese legali e di insoluto, escluso qualsivoglia diritto suppletivo, compensativo o risarcitorio anche per fermo di produzione in capo al Cliente.[\/vc_column_text][vc_empty_space][vc_column_text]<\/p>\n<h2>5. Garanzie del Venditore<\/h2>\n<p>[\/vc_column_text][vc_column_text]Il Cliente \u00e8 tenuto all\u2019immediata verifica alla consegna dell\u2019integrit\u00e0 della merce ed a segnalare tempestivamente eventuali vizi al venditore, con ci\u00f2 escluso ogni valore a riferimenti generici o all\u2019accettazione parziale con riserva dei prodotti.<br \/>\nIl venditore presta la garanzia di conformit\u00e0 dei prodotti rispetto e nei limiti delle specifiche riportate nei disegni tecnici, nei documenti contrattuali ed alle eventuali certificazioni richiamate, per un periodo di 12 (dodici) mesi dalla data di consegna. La garanzia decade e non opera nei casi: (i) di utilizzo scorretto, mancata o carente manutenzione o errata conservazione dei prodotti da parte del Cliente; (ii) interventi, riparazioni, manutenzioni, manomissioni svolte da soggetti terzi senza preventiva autorizzazione da parte del Venditore; (iii) di danno imputabile a fatto del Cliente o di terzi; (iv) in ogni caso, ove il Cliente non abbia adempiuto al pagamento integrale del corrispettivo di vendita.<br \/>\nIl Cliente si obbliga in ogni caso a comunicare al Venditore in forma scritta i vizi o difetti entro 8 (otto) giorni a pena di decadenza dalla data di arrivo della merce o di scoperta nel caso di vizi occulti ed in ogni caso entro il termine di 1 (un) anno dalla consegna del bene. (mail: isostamp@isostamp.com)<br \/>\nIl Cliente si obbliga a porre il prodotto difettoso a disposizione del Venditore che potr\u00e0, alternativamente ed a propria discrezione: (i) correggere i vizi o difetti; (II) procedere con la sostituzione.<\/p>\n<p>Eventuali altre attivit\u00e0 di assistenza sono computate in aggiunta attraverso apposita offerta di vendita.[\/vc_column_text][vc_empty_space][vc_column_text]<\/p>\n<h2>6. Responsabilit\u00e0<\/h2>\n<p>[\/vc_column_text][vc_column_text]\u00c8 esclusa la responsabilit\u00e0 del Venditore nelle ipotesi di vizi o difetti derivanti dalla progettazione da disegni o indicazioni tecniche elaborate o inviate dal Cliente o da suo incaricato. \u00c8 parimenti esclusa la responsabilit\u00e0 del Venditore per danni conseguenti al trasporto a carico del Cliente.<br \/>\n\u00c8 onere esclusivo del Cliente accertarsi che i prodotti siano conformi alle leggi del paese di destinazione ed informare prontamente il Venditore di eventuali modifiche da apportare, in tempo utile ed in ogni caso entro i 30 (trenta) giorni lavorativi antecedenti alla data stimata di consegna. In tale ipotesi, il Venditore ha la facolt\u00e0 di recedere dal contratto e di trattenere gli acconti eventualmente ricevuti anche a titolo di caparra confirmatoria a concorrenza di eventuali spese sostenute per conto o nell\u2019interesse del Cliente.[\/vc_column_text][vc_empty_space][vc_column_text]<\/p>\n<h2>7. Know-how e riservatezza<\/h2>\n<p>[\/vc_column_text][vc_column_text]Con l\u2019inoltro dell\u2019ordine o la sottoscrizione del contratto, il Cliente si impegna alla riservatezza e a non divulgare le informazioni tecniche e commerciali, ivi compresi i tariffari praticati, apprese dal Venditore per l\u2019intera durata del contratto e i successivi 2 (due) anni.<br \/>\nIl Venditore non autorizza l\u2019utilizzo delle informazioni riservate per finalit\u00e0 estranee o comunque non previamente comunicate rispetto al contratto principale e riserva ogni azione utile anche giudiziaria a tutela del proprio know-how.<br \/>\nIl contratto di vendita non ha ad oggetto i marchi, le invenzioni, i progetti, i disegni relativi ed elaborati dal Venditore, che resteranno di propriet\u00e0 esclusiva del Venditore stesso, al quale competer\u00e0 ogni diritto patrimoniale, di utilizzo e di sfruttamento economico sulle opere e sulle invenzioni.[\/vc_column_text][vc_empty_space][vc_column_text]<\/p>\n<h2>8. Caso fortuito e forza maggiore<\/h2>\n<p>[\/vc_column_text][vc_column_text]Il Venditore non potr\u00e0 considerarsi responsabile per il mancato adempimento, anche parziale, o per il ritardo ad una delle proprie obbligazioni qualora sia conclamato uno stato di forza maggiore (ad es. pandemia, guerra, mobilitazione militare, insurrezione, requisizione, sanzione internazionale, sequestro, embargo, sciopero generale, conflitti sindacali, lockdown, blocchi dei trasporti, portuali o aeroportuali, calamit\u00e0 naturale, disastro, incendio, calamit\u00e0 aziendale e simili, anche se riguardanti la propria supply chain di componenti necessari), ovvero sussista altro impedimento imprevedibile, inevitabile o che renda l\u2019adempimento irragionevolmente oneroso.<\/p>\n<p>Il Venditore \u00e8 tenuto a comunicare tempestivamente l\u2019insorgenza o il venir meno della causa di forza maggiore.<\/p>\n<p>I nuovi termini per l\u2019adempimento saranno concordati di comune accordo tra Venditore e Cliente fermo restando il diritto per ciascuna parte di risolvere il contratto in caso di persistenza della causa di forza maggiore oltre i 270 giorni, esclusa in tal caso l\u2019insorgenza di oneri o diritti suppletivi in capo alle parti.[\/vc_column_text][vc_empty_space][vc_column_text]<\/p>\n<h2>9. Legge applicabile e foro competente<\/h2>\n<p>[\/vc_column_text][vc_column_text]Le presenti condizioni generali e i singoli contratti e\/o ordini commerciali da esse richiamati sono assoggettati alla disciplina della legge italiana. Ogni controversia inerente all\u2019interpretazione, esecuzione e all\u2019adempimento del contratto e delle presenti condizioni generali sar\u00e0 devoluta al Foro di Treviso.[\/vc_column_text][vc_empty_space][vc_column_text]<\/p>\n<h2>10. Trattamento dei dati personali<\/h2>\n<p>[\/vc_column_text][vc_column_text]I dati raccolti saranno utilizzati per le finalit\u00e0 connesse all\u2019esecuzione del Contratto, in conformit\u00e0 al Reg. UE 2016\/679 ed al D.lgs. 101\/2018. Il Cliente potr\u00e0 esercitare i diritti previsti con le modalit\u00e0 rese note in apposita informativa.[\/vc_column_text][\/vc_column][\/vc_row][vc_row css_animation=&#8221;&#8221; row_type=&#8221;row&#8221; use_row_as_full_screen_section=&#8221;no&#8221; type=&#8221;full_width&#8221; angled_section=&#8221;no&#8221; text_align=&#8221;left&#8221; background_image_as_pattern=&#8221;without_pattern&#8221;][vc_column][vc_empty_space height=&#8221;50px&#8221;][\/vc_column][\/vc_row]<\/p>\n<\/section>","protected":false},"excerpt":{"rendered":"<p>[vc_row css_animation=&#8221;&#8221; row_type=&#8221;row&#8221; use_row_as_full_screen_section=&#8221;no&#8221; type=&#8221;full_width&#8221; angled_section=&#8221;no&#8221; text_align=&#8221;left&#8221; background_image_as_pattern=&#8221;without_pattern&#8221;][vc_column][vc_column_text] 1. Ambito di applicazione e disposizioni generali [\/vc_column_text][vc_column_text]Le presenti condizioni generali prevalgono su altre clausole anche generali ovunque contenute, alle vendite, offerte, ordini, conferme d\u2019ordini tra Iso.Stamp. Isolanti Stampati S.r.l. (Venditore) e l\u2019acquirente (Cliente). Eventuali variazioni alle&#8230;<\/p>\n","protected":false},"author":2,"featured_media":0,"parent":0,"menu_order":90,"comment_status":"open","ping_status":"closed","template":"","meta":[],"acf":[],"yoast_head":"<!-- This site is optimized with the Yoast SEO plugin v20.10 - https:\/\/yoast.com\/wordpress\/plugins\/seo\/ -->\n<title>Condizioni generali di vendita - Isostamp<\/title>\n<meta name=\"robots\" content=\"index, follow, max-snippet:-1, max-image-preview:large, max-video-preview:-1\" \/>\n<link rel=\"canonical\" href=\"https:\/\/isostamp.com\/it\/condizioni-generali-di-vendita\/\" \/>\n<meta property=\"og:locale\" content=\"it_IT\" \/>\n<meta property=\"og:type\" content=\"article\" \/>\n<meta property=\"og:title\" content=\"Condizioni generali di vendita - Isostamp\" \/>\n<meta property=\"og:description\" content=\"[vc_row css_animation=&#8221;&#8221; row_type=&#8221;row&#8221; use_row_as_full_screen_section=&#8221;no&#8221; type=&#8221;full_width&#8221; angled_section=&#8221;no&#8221; text_align=&#8221;left&#8221; background_image_as_pattern=&#8221;without_pattern&#8221;][vc_column][vc_column_text] 1. Ambito di applicazione e disposizioni generali [\/vc_column_text][vc_column_text]Le presenti condizioni generali prevalgono su altre clausole anche generali ovunque contenute, alle vendite, offerte, ordini, conferme d\u2019ordini tra Iso.Stamp. Isolanti Stampati S.r.l. (Venditore) e l\u2019acquirente (Cliente). Eventuali variazioni alle...\" \/>\n<meta property=\"og:url\" content=\"https:\/\/isostamp.com\/it\/condizioni-generali-di-vendita\/\" \/>\n<meta property=\"og:site_name\" content=\"Isostamp\" \/>\n<meta property=\"article:modified_time\" content=\"2022-11-16T10:56:48+00:00\" \/>\n<meta name=\"twitter:card\" content=\"summary_large_image\" \/>\n<meta name=\"twitter:label1\" content=\"Tempo di lettura stimato\" \/>\n\t<meta name=\"twitter:data1\" content=\"6 minuti\" \/>\n<script type=\"application\/ld+json\" class=\"yoast-schema-graph\">{\"@context\":\"https:\/\/schema.org\",\"@graph\":[{\"@type\":\"WebPage\",\"@id\":\"https:\/\/isostamp.com\/it\/condizioni-generali-di-vendita\/\",\"url\":\"https:\/\/isostamp.com\/it\/condizioni-generali-di-vendita\/\",\"name\":\"Condizioni generali di vendita - Isostamp\",\"isPartOf\":{\"@id\":\"https:\/\/isostamp.com\/en\/#website\"},\"datePublished\":\"2022-11-16T10:21:16+00:00\",\"dateModified\":\"2022-11-16T10:56:48+00:00\",\"breadcrumb\":{\"@id\":\"https:\/\/isostamp.com\/it\/condizioni-generali-di-vendita\/#breadcrumb\"},\"inLanguage\":\"it-IT\",\"potentialAction\":[{\"@type\":\"ReadAction\",\"target\":[\"https:\/\/isostamp.com\/it\/condizioni-generali-di-vendita\/\"]}]},{\"@type\":\"BreadcrumbList\",\"@id\":\"https:\/\/isostamp.com\/it\/condizioni-generali-di-vendita\/#breadcrumb\",\"itemListElement\":[{\"@type\":\"ListItem\",\"position\":1,\"name\":\"Home\",\"item\":\"https:\/\/isostamp.com\/it\/\"},{\"@type\":\"ListItem\",\"position\":2,\"name\":\"Condizioni generali di vendita\"}]},{\"@type\":\"WebSite\",\"@id\":\"https:\/\/isostamp.com\/en\/#website\",\"url\":\"https:\/\/isostamp.com\/en\/\",\"name\":\"Isostamp\",\"description\":\"\",\"potentialAction\":[{\"@type\":\"SearchAction\",\"target\":{\"@type\":\"EntryPoint\",\"urlTemplate\":\"https:\/\/isostamp.com\/en\/?s={search_term_string}\"},\"query-input\":\"required name=search_term_string\"}],\"inLanguage\":\"it-IT\"}]}<\/script>\n<!-- \/ Yoast SEO plugin. -->","yoast_head_json":{"title":"Condizioni generali di vendita - Isostamp","robots":{"index":"index","follow":"follow","max-snippet":"max-snippet:-1","max-image-preview":"max-image-preview:large","max-video-preview":"max-video-preview:-1"},"canonical":"https:\/\/isostamp.com\/it\/condizioni-generali-di-vendita\/","og_locale":"it_IT","og_type":"article","og_title":"Condizioni generali di vendita - Isostamp","og_description":"[vc_row css_animation=&#8221;&#8221; row_type=&#8221;row&#8221; use_row_as_full_screen_section=&#8221;no&#8221; type=&#8221;full_width&#8221; angled_section=&#8221;no&#8221; text_align=&#8221;left&#8221; background_image_as_pattern=&#8221;without_pattern&#8221;][vc_column][vc_column_text] 1. Ambito di applicazione e disposizioni generali [\/vc_column_text][vc_column_text]Le presenti condizioni generali prevalgono su altre clausole anche generali ovunque contenute, alle vendite, offerte, ordini, conferme d\u2019ordini tra Iso.Stamp. Isolanti Stampati S.r.l. (Venditore) e l\u2019acquirente (Cliente). Eventuali variazioni alle...","og_url":"https:\/\/isostamp.com\/it\/condizioni-generali-di-vendita\/","og_site_name":"Isostamp","article_modified_time":"2022-11-16T10:56:48+00:00","twitter_card":"summary_large_image","twitter_misc":{"Tempo di lettura stimato":"6 minuti"},"schema":{"@context":"https:\/\/schema.org","@graph":[{"@type":"WebPage","@id":"https:\/\/isostamp.com\/it\/condizioni-generali-di-vendita\/","url":"https:\/\/isostamp.com\/it\/condizioni-generali-di-vendita\/","name":"Condizioni generali di vendita - Isostamp","isPartOf":{"@id":"https:\/\/isostamp.com\/en\/#website"},"datePublished":"2022-11-16T10:21:16+00:00","dateModified":"2022-11-16T10:56:48+00:00","breadcrumb":{"@id":"https:\/\/isostamp.com\/it\/condizioni-generali-di-vendita\/#breadcrumb"},"inLanguage":"it-IT","potentialAction":[{"@type":"ReadAction","target":["https:\/\/isostamp.com\/it\/condizioni-generali-di-vendita\/"]}]},{"@type":"BreadcrumbList","@id":"https:\/\/isostamp.com\/it\/condizioni-generali-di-vendita\/#breadcrumb","itemListElement":[{"@type":"ListItem","position":1,"name":"Home","item":"https:\/\/isostamp.com\/it\/"},{"@type":"ListItem","position":2,"name":"Condizioni generali di vendita"}]},{"@type":"WebSite","@id":"https:\/\/isostamp.com\/en\/#website","url":"https:\/\/isostamp.com\/en\/","name":"Isostamp","description":"","potentialAction":[{"@type":"SearchAction","target":{"@type":"EntryPoint","urlTemplate":"https:\/\/isostamp.com\/en\/?s={search_term_string}"},"query-input":"required name=search_term_string"}],"inLanguage":"it-IT"}]}},"_links":{"self":[{"href":"https:\/\/isostamp.com\/it\/wp-json\/wp\/v2\/pages\/21698"}],"collection":[{"href":"https:\/\/isostamp.com\/it\/wp-json\/wp\/v2\/pages"}],"about":[{"href":"https:\/\/isostamp.com\/it\/wp-json\/wp\/v2\/types\/page"}],"author":[{"embeddable":true,"href":"https:\/\/isostamp.com\/it\/wp-json\/wp\/v2\/users\/2"}],"replies":[{"embeddable":true,"href":"https:\/\/isostamp.com\/it\/wp-json\/wp\/v2\/comments?post=21698"}],"version-history":[{"count":0,"href":"https:\/\/isostamp.com\/it\/wp-json\/wp\/v2\/pages\/21698\/revisions"}],"wp:attachment":[{"href":"https:\/\/isostamp.com\/it\/wp-json\/wp\/v2\/media?parent=21698"}],"curies":[{"name":"wp","href":"https:\/\/api.w.org\/{rel}","templated":true}]}}