{"id":21708,"date":"2022-11-16T11:01:04","date_gmt":"2022-11-16T11:01:04","guid":{"rendered":"https:\/\/isostamp.com\/?page_id=21708"},"modified":"2025-02-13T11:01:04","modified_gmt":"2025-02-13T11:01:04","slug":"politica-isostamp","status":"publish","type":"page","link":"https:\/\/isostamp.com\/it\/politica-isostamp\/","title":{"rendered":"Politica Isostamp"},"content":{"rendered":"<section class=\"wpb-content-wrapper\"><p>[vc_row css_animation=&#8221;&#8221; row_type=&#8221;row&#8221; use_row_as_full_screen_section=&#8221;no&#8221; type=&#8221;full_width&#8221; angled_section=&#8221;no&#8221; text_align=&#8221;left&#8221; background_image_as_pattern=&#8221;without_pattern&#8221;][vc_column][vc_empty_space][vc_column_text]<\/p>\n<h2>POLITICHE<\/h2>\n<p>[\/vc_column_text][vc_empty_space height=&#8221;16px&#8221;][vc_column_text]Il prossimo anno, 2026, ISOSTAMP celebrer\u00e0 il suo 40\u00b0 anniversario dalla costituzione. Un traguardo importante per tutti noi che l\u2019abbiamo accompagnata in questo emozionante viaggio, in un mondo circostante modificato da trasformazioni sociali ed economiche alquanto profonde. Nonostante questi cambiamenti anche intensi e veloci, i positivi risultati raggiunti sono stati possibili tenendo fede ai valori forti e positivi che animavano anche chi ci ha preceduto e che continuiamo a mantenere vivi nel tempo:<br \/>\n<strong>la correttezza, la competenza, lo spirito di squadra e lo spirito innovativo<\/strong>.<br \/>\nNon sono concetti da etichetta. Su questi valori condivisi da tutti noi, vecchi e nuovi, abbiamo creato giorno dopo giorno, anno dopo anno, un sentimento di fiducia nei nostri confronti da parte dei clienti, dei fornitori e degli altri stakeholders. Sentimento che ci rende orgogliosi e ci motiva a continuare nel suo consolidamento.<br \/>\nOgni giorno tutti i collaboratori di ISOSTAMP apportano il loro impegno nelle rispettive aree di lavoro per assicurare i massimi standard di qualit\u00e0 dei nostri prodotti e servizi a beneficio delle esigenze dei clienti, con il minor impatto ambientale conosciuto e nel rispetto delle condizioni di salute e sicurezza di loro stessi. Con l\u2019ambizione di superare o anticipare i requisiti legali e gli standard internazionali richiesti dal mercato.<br \/>\nPur essendo sensibili ed impegnati quotidianamente in molte direzioni per la salvaguardia di principi etici, sociali e produttivi, abbiamo dato inchiostro alle seguenti politiche:<\/p>\n<p>&nbsp;<\/p>\n<p><strong>Politica risorse umane<\/strong><br \/>\nil capitale umano \u00e8 patrimonio aziendale.<br \/>\nISOSTAMP \u00e8 un\u2019azienda che dal punto di vista delle risorse umane \u00e8 una realt\u00e0 molto eterogenea in ogni direzione: sesso, et\u00e0, razza.<br \/>\nRiuscire ad amalgamare tale gruppo ci ha portato e continua a portarci ad ampliare le nostre visioni.<br \/>\nWEAREISOSTAMP# non \u00e8 stato solo uno slogan. La campagna del 2023 mirava a portare, verso parti terze, concretezza visiva della presenza dell\u2019anima dietro al prodotto. Ci\u00f2 \u00e8 servito sia ai collaboratori sia ai nostri clienti per consolidare la fiducia reciproca.<\/p>\n<p>&nbsp;<\/p>\n<p><strong>Politica della sicurezza sul lavoro<\/strong><br \/>\nSiamo in fase di implementazione del Sistema di Gestione ISO 45001.<br \/>\nAssicurare un ambiente di lavoro sano e sicuro, proteggendo il benessere dei nostri lavoratori, \u00e8 una conseguenza di quanto appena scritto sul capitale umano come patrimonio aziendale. Pur essendo la loro sicurezza una priorit\u00e0 da sempre, abbiamo ritenuto che certificarla fosse non solo una dimostrazione ulteriore del nostro credo ma un modo per rendere anche i singoli collaboratori pi\u00f9 attenti nell\u2019espletamento quotidiano dei loro compiti e con ci\u00f2 aumentare la loro sicurezza.<\/p>\n<p>&nbsp;<\/p>\n<p><strong>Politica di Sostenibilit\u00e0 Ambientale<\/strong><br \/>\nIl rispetto per l\u2019ambiente dove viviamo \u00e8 tipico delle tradizioni di dove siamo cresciuti. Valori che si sono tramandati di padre in figlio. I nostri nonni e padri erano contadini e hanno trasmesso a noi il rispetto per questo nostro mondo e la salvaguardia di questa nostra terra. Negli ultimi anni questo tema \u00e8 diventato sensibile a tutti, ma noi ci consideriamo pionieri avendo a cuore questo tema anche in tempi dove pochi ne parlavano e pochissimi agivano. Da sempre ISOSTAMP ha definito le proprie scelte produttive nel rispetto dell\u2019ambiente. Anche quando questo \u00e8 costato sacrificio perch\u00e9 confrontati con competitors meno attenti. Quindi la nostra situazione attuale mostra gi\u00e0 il risultato di una costante limitazione dell\u2019uso delle risorse per evitare sprechi di qualsivoglia natura (materia prima, elettricit\u00e0, imballi, trasporti). Tuttavia ci impegniamo costantemente nella sensibilizzazione di tutti gli stakeholders affinch\u00e9 riducano al massimo lo spreco delle risorse con lo scopo di salvaguardare il nostro pianeta Terra.<br \/>\nL\u2019ottenimento della ISO 14001 \u00e8 motivo di orgoglio essendo nel nostro settore (soluzioni isolanti) una realt\u00e0 di pochi.<br \/>\nPer migliorare continuamente la nostra concretezza verso la sostenibilit\u00e0, abbiamo deciso da quest\u2019anno di intraprendere ogni scelta aziendale con un filtro: THE HIERARCHY OF WASTE. Siamo convinti che se orientiamo le nostre scelte, anche piccole, con questa attenzione, coinvolgendo in queste modalit\u00e0 anche i nostri fornitori, i miglioramenti diventeranno evidenti con naturalezza.<\/p>\n<p>&nbsp;<\/p>\n<p><strong>Politica della Qualit\u00e0<\/strong><br \/>\nLa qualit\u00e0 non \u00e8 solo un obiettivo, ma un principio fondamentale che guida la nostra azienda. Tutto il personale, a ogni livello, \u00e8 coinvolto nel perseguimento della qualit\u00e0 globale partecipando attivamente al miglioramento continuo dei processi, dei prodotti e dei servizi. Questa \u00e8 stata la prima nostra politica strutturata e si \u00e8 gi\u00e0 fusa nel nostro DNA.<\/p>\n<p>&nbsp;<\/p>\n<p>GM Vittorio Zara 2025[\/vc_column_text][vc_empty_space][\/vc_column][\/vc_row][vc_row css_animation=&#8221;&#8221; row_type=&#8221;row&#8221; use_row_as_full_screen_section=&#8221;no&#8221; type=&#8221;full_width&#8221; angled_section=&#8221;no&#8221; text_align=&#8221;left&#8221; background_image_as_pattern=&#8221;without_pattern&#8221;][vc_column][vc_empty_space height=&#8221;50px&#8221;][\/vc_column][\/vc_row]<\/p>\n<\/section>","protected":false},"excerpt":{"rendered":"<p>[vc_row css_animation=&#8221;&#8221; row_type=&#8221;row&#8221; use_row_as_full_screen_section=&#8221;no&#8221; type=&#8221;full_width&#8221; angled_section=&#8221;no&#8221; text_align=&#8221;left&#8221; background_image_as_pattern=&#8221;without_pattern&#8221;][vc_column][vc_empty_space][vc_column_text] POLITICHE [\/vc_column_text][vc_empty_space height=&#8221;16px&#8221;][vc_column_text]Il prossimo anno, 2026, ISOSTAMP celebrer\u00e0 il suo 40\u00b0 anniversario dalla costituzione. Un traguardo importante per tutti noi che l\u2019abbiamo accompagnata in questo emozionante viaggio, in un mondo circostante modificato da trasformazioni sociali ed economiche&#8230;<\/p>\n","protected":false},"author":2,"featured_media":0,"parent":0,"menu_order":90,"comment_status":"closed","ping_status":"closed","template":"","meta":[],"acf":[],"yoast_head":"<!-- This site is optimized with the Yoast SEO plugin v20.10 - https:\/\/yoast.com\/wordpress\/plugins\/seo\/ -->\n<title>Politica Isostamp - Isostamp<\/title>\n<meta name=\"robots\" content=\"index, follow, max-snippet:-1, max-image-preview:large, max-video-preview:-1\" \/>\n<link rel=\"canonical\" href=\"https:\/\/isostamp.com\/it\/politica-isostamp\/\" \/>\n<meta property=\"og:locale\" content=\"it_IT\" \/>\n<meta property=\"og:type\" content=\"article\" \/>\n<meta property=\"og:title\" content=\"Politica Isostamp - Isostamp\" \/>\n<meta property=\"og:description\" content=\"[vc_row css_animation=&#8221;&#8221; row_type=&#8221;row&#8221; use_row_as_full_screen_section=&#8221;no&#8221; type=&#8221;full_width&#8221; angled_section=&#8221;no&#8221; text_align=&#8221;left&#8221; background_image_as_pattern=&#8221;without_pattern&#8221;][vc_column][vc_empty_space][vc_column_text] POLITICHE [\/vc_column_text][vc_empty_space height=&#8221;16px&#8221;][vc_column_text]Il prossimo anno, 2026, ISOSTAMP celebrer\u00e0 il suo 40\u00b0 anniversario dalla costituzione. Un traguardo importante per tutti noi che l\u2019abbiamo accompagnata in questo emozionante viaggio, in un mondo circostante modificato da trasformazioni sociali ed economiche...\" \/>\n<meta property=\"og:url\" content=\"https:\/\/isostamp.com\/it\/politica-isostamp\/\" \/>\n<meta property=\"og:site_name\" content=\"Isostamp\" \/>\n<meta property=\"article:modified_time\" content=\"2025-02-13T11:01:04+00:00\" \/>\n<meta name=\"twitter:card\" content=\"summary_large_image\" \/>\n<meta name=\"twitter:label1\" content=\"Tempo di lettura stimato\" \/>\n\t<meta name=\"twitter:data1\" content=\"3 minuti\" \/>\n<script type=\"application\/ld+json\" class=\"yoast-schema-graph\">{\"@context\":\"https:\/\/schema.org\",\"@graph\":[{\"@type\":\"WebPage\",\"@id\":\"https:\/\/isostamp.com\/it\/politica-isostamp\/\",\"url\":\"https:\/\/isostamp.com\/it\/politica-isostamp\/\",\"name\":\"Politica Isostamp - Isostamp\",\"isPartOf\":{\"@id\":\"https:\/\/isostamp.com\/en\/#website\"},\"datePublished\":\"2022-11-16T11:01:04+00:00\",\"dateModified\":\"2025-02-13T11:01:04+00:00\",\"breadcrumb\":{\"@id\":\"https:\/\/isostamp.com\/it\/politica-isostamp\/#breadcrumb\"},\"inLanguage\":\"it-IT\",\"potentialAction\":[{\"@type\":\"ReadAction\",\"target\":[\"https:\/\/isostamp.com\/it\/politica-isostamp\/\"]}]},{\"@type\":\"BreadcrumbList\",\"@id\":\"https:\/\/isostamp.com\/it\/politica-isostamp\/#breadcrumb\",\"itemListElement\":[{\"@type\":\"ListItem\",\"position\":1,\"name\":\"Home\",\"item\":\"https:\/\/isostamp.com\/it\/\"},{\"@type\":\"ListItem\",\"position\":2,\"name\":\"Politica Isostamp\"}]},{\"@type\":\"WebSite\",\"@id\":\"https:\/\/isostamp.com\/en\/#website\",\"url\":\"https:\/\/isostamp.com\/en\/\",\"name\":\"Isostamp\",\"description\":\"\",\"potentialAction\":[{\"@type\":\"SearchAction\",\"target\":{\"@type\":\"EntryPoint\",\"urlTemplate\":\"https:\/\/isostamp.com\/en\/?s={search_term_string}\"},\"query-input\":\"required name=search_term_string\"}],\"inLanguage\":\"it-IT\"}]}<\/script>\n<!-- \/ Yoast SEO plugin. -->","yoast_head_json":{"title":"Politica Isostamp - Isostamp","robots":{"index":"index","follow":"follow","max-snippet":"max-snippet:-1","max-image-preview":"max-image-preview:large","max-video-preview":"max-video-preview:-1"},"canonical":"https:\/\/isostamp.com\/it\/politica-isostamp\/","og_locale":"it_IT","og_type":"article","og_title":"Politica Isostamp - Isostamp","og_description":"[vc_row css_animation=&#8221;&#8221; row_type=&#8221;row&#8221; use_row_as_full_screen_section=&#8221;no&#8221; type=&#8221;full_width&#8221; angled_section=&#8221;no&#8221; text_align=&#8221;left&#8221; background_image_as_pattern=&#8221;without_pattern&#8221;][vc_column][vc_empty_space][vc_column_text] POLITICHE [\/vc_column_text][vc_empty_space height=&#8221;16px&#8221;][vc_column_text]Il prossimo anno, 2026, ISOSTAMP celebrer\u00e0 il suo 40\u00b0 anniversario dalla costituzione. Un traguardo importante per tutti noi che l\u2019abbiamo accompagnata in questo emozionante viaggio, in un mondo circostante modificato da trasformazioni sociali ed economiche...","og_url":"https:\/\/isostamp.com\/it\/politica-isostamp\/","og_site_name":"Isostamp","article_modified_time":"2025-02-13T11:01:04+00:00","twitter_card":"summary_large_image","twitter_misc":{"Tempo di lettura stimato":"3 minuti"},"schema":{"@context":"https:\/\/schema.org","@graph":[{"@type":"WebPage","@id":"https:\/\/isostamp.com\/it\/politica-isostamp\/","url":"https:\/\/isostamp.com\/it\/politica-isostamp\/","name":"Politica Isostamp - Isostamp","isPartOf":{"@id":"https:\/\/isostamp.com\/en\/#website"},"datePublished":"2022-11-16T11:01:04+00:00","dateModified":"2025-02-13T11:01:04+00:00","breadcrumb":{"@id":"https:\/\/isostamp.com\/it\/politica-isostamp\/#breadcrumb"},"inLanguage":"it-IT","potentialAction":[{"@type":"ReadAction","target":["https:\/\/isostamp.com\/it\/politica-isostamp\/"]}]},{"@type":"BreadcrumbList","@id":"https:\/\/isostamp.com\/it\/politica-isostamp\/#breadcrumb","itemListElement":[{"@type":"ListItem","position":1,"name":"Home","item":"https:\/\/isostamp.com\/it\/"},{"@type":"ListItem","position":2,"name":"Politica Isostamp"}]},{"@type":"WebSite","@id":"https:\/\/isostamp.com\/en\/#website","url":"https:\/\/isostamp.com\/en\/","name":"Isostamp","description":"","potentialAction":[{"@type":"SearchAction","target":{"@type":"EntryPoint","urlTemplate":"https:\/\/isostamp.com\/en\/?s={search_term_string}"},"query-input":"required name=search_term_string"}],"inLanguage":"it-IT"}]}},"_links":{"self":[{"href":"https:\/\/isostamp.com\/it\/wp-json\/wp\/v2\/pages\/21708"}],"collection":[{"href":"https:\/\/isostamp.com\/it\/wp-json\/wp\/v2\/pages"}],"about":[{"href":"https:\/\/isostamp.com\/it\/wp-json\/wp\/v2\/types\/page"}],"author":[{"embeddable":true,"href":"https:\/\/isostamp.com\/it\/wp-json\/wp\/v2\/users\/2"}],"replies":[{"embeddable":true,"href":"https:\/\/isostamp.com\/it\/wp-json\/wp\/v2\/comments?post=21708"}],"version-history":[{"count":2,"href":"https:\/\/isostamp.com\/it\/wp-json\/wp\/v2\/pages\/21708\/revisions"}],"predecessor-version":[{"id":22483,"href":"https:\/\/isostamp.com\/it\/wp-json\/wp\/v2\/pages\/21708\/revisions\/22483"}],"wp:attachment":[{"href":"https:\/\/isostamp.com\/it\/wp-json\/wp\/v2\/media?parent=21708"}],"curies":[{"name":"wp","href":"https:\/\/api.w.org\/{rel}","templated":true}]}}